{"id":18148,"date":"2021-06-18T23:24:36","date_gmt":"2021-06-18T21:24:36","guid":{"rendered":"https:\/\/der-reiseshop.de\/?page_id=18148"},"modified":"2021-06-19T00:27:45","modified_gmt":"2021-06-18T22:27:45","slug":"msc-seaside-info","status":"publish","type":"page","link":"https:\/\/der-reiseshop.de\/index.php\/msc-seaside-info\/","title":{"rendered":"MSC Seaside -Info-"},"content":{"rendered":"<p><span><img loading=\"lazy\" decoding=\"async\" loading=\"lazy\" alt=\"\" data-id=\"18150\" width=\"700\" data-init-width=\"1120\" height=\"291\" data-init-height=\"465\" title=\"B2B_TA_SE_Visual_1120x465\" src=\"https:\/\/der-reiseshop.de\/wp-content\/uploads\/2021\/06\/B2B_TA_SE_Visual_1120x465.jpg\" data-width=\"700\" data-height=\"291\"><\/span>[tcb_logo href=&#8217;https:\/\/der-reiseshop.de&#8217; data-id-d=&#8217;0&#8242; data-css=&#8217;tve-u-17a1fb6af21&#8242; data-img-style=&#8217;width: 100%;&#8217; class=&#8217;dynamic-group-kbjp1vpj&#8217; data-alt=&#8221;]<\/p>\n<h3 style=\"\"><strong>Allgemeine Informationen:<\/strong><\/h3>\n<p style=\"color: var(--tcb-skin-color-0)  !important; --tcb-applied-color:  var$(--tcb-skin-color-0)  !important;\">Mit der <strong>MSC Seaside<\/strong> k\u00f6nnt die Karibik und die franz\u00f6sischen Antillen entdecken oder das westliche Mittelmeer erleben. MSC Seaside bietet den Vorzug einer h\u00f6heren Anzahl an Balkonkabinen, vermehrtem Meerblick und gr\u00f6\u00dferen \u00f6ffentlichen Bereichen.<\/p>\n<p><span><img loading=\"lazy\" decoding=\"async\" loading=\"lazy\" alt=\"\" data-id=\"18152\" width=\"610\" data-init-width=\"2560\" height=\"407\" data-init-height=\"1707\" title=\"MSC_Seaside\" src=\"https:\/\/der-reiseshop.de\/wp-content\/uploads\/2021\/06\/MSC_Seaside-scaled.jpg\" data-width=\"610\" data-height=\"407\"><\/span><\/p>\n<p style=\"\"><strong>Highlights:<\/strong><\/p>\n<p style=\"\">&#8211; MSC Waterfront Boardwalk, der einen Gro\u00dfteil des Schiffes umgibt und Zugang zu einer Vielzahl an Restaurants, Bars und Boutiquen bietet&nbsp;&#8211; Innovatives verglastes 4-Deck Atrium mit Live-Unterhaltung und einem atemberaubenden Meerblick&nbsp;&nbsp;&#8211; Gro\u00dfer Vergn\u00fcgungsbereich f\u00fcr Familien und Kinder mit einem 5D Kino, Seilrutsche, Bowling Bahn und Aqua Park mit Doppelwasserrutsche&nbsp;&#8211; Panoramalift und verglaster Skywalk sowie ein Miami Beach Pool&nbsp;&nbsp;&#8211; \u00c0 la carte Restaurant sowie ein Buffetrestaurant mit Meerblick&nbsp;&nbsp;&#8211; Gro\u00dfz\u00fcgiger MSC Yacht Club sorgt f\u00fcr Privatsph\u00e4re, Luxus und Exklusivit\u00e4t&nbsp;&nbsp;&nbsp;&#8211; Kulinarische Vielfalt f\u00fcr Gourmets und Genie\u00dfer mit unterschiedlichen Spezialit\u00e4tenrestaurants&nbsp;<\/p>\n<h3>Technische Daten und Deckplan<\/h3>\n<h3><\/h3>\n","protected":false},"excerpt":{"rendered":"<p>[tcb_logo href=&#8217;https:\/\/der-reiseshop.de&#8217; data-id-d=&#8217;0&#8242; data-css=&#8217;tve-u-17a1fb6af21&#8242; data-img-style=&#8217;width: 100%;&#8217; class=&#8217;dynamic-group-kbjp1vpj&#8217; data-alt=&#8221;] Allgemeine Informationen: Mit der MSC Seaside k\u00f6nnt die Karibik und die franz\u00f6sischen Antillen entdecken oder das westliche Mittelmeer erleben. MSC Seaside bietet den Vorzug einer h\u00f6heren Anzahl an Balkonkabinen, vermehrtem Meerblick und gr\u00f6\u00dferen \u00f6ffentlichen Bereichen. Highlights: &#8211; MSC Waterfront Boardwalk, der einen Gro\u00dfteil des Schiffes umgibt und [&hellip;]<\/p>\n","protected":false},"author":4,"featured_media":0,"parent":0,"menu_order":0,"comment_status":"closed","ping_status":"closed","template":"","meta":{"_exactmetrics_skip_tracking":false,"_exactmetrics_sitenote_active":false,"_exactmetrics_sitenote_note":"","_exactmetrics_sitenote_category":0,"_kadence_starter_templates_imported_post":false,"footnotes":""},"class_list":["post-18148","page","type-page","status-publish","hentry"],"yoast_head":"<!-- This site is optimized with the Yoast SEO plugin v27.2 - https:\/\/yoast.com\/product\/yoast-seo-wordpress\/ -->\n<title>MSC Seaside -Info- Dein-Schiff.de<\/title>\n<meta name=\"robots\" content=\"index, follow, max-snippet:-1, max-image-preview:large, max-video-preview:-1\" \/>\n<link rel=\"canonical\" href=\"https:\/\/der-reiseshop.de\/index.php\/msc-seaside-info\/\" \/>\n<meta property=\"og:locale\" content=\"de_DE\" \/>\n<meta property=\"og:type\" content=\"article\" \/>\n<meta property=\"og:title\" content=\"MSC Seaside -Info- Dein-Schiff.de\" \/>\n<meta property=\"og:description\" content=\"[tcb_logo href=&#8217;https:\/\/der-reiseshop.de&#8217; data-id-d=&#8217;0&#8242; data-css=&#8217;tve-u-17a1fb6af21&#8242; data-img-style=&#8217;width: 100%;&#8217; class=&#8217;dynamic-group-kbjp1vpj&#8217; data-alt=&#8221;] Allgemeine Informationen: Mit der MSC Seaside k\u00f6nnt die Karibik und die franz\u00f6sischen Antillen entdecken oder das westliche Mittelmeer erleben. MSC Seaside bietet den Vorzug einer h\u00f6heren Anzahl an Balkonkabinen, vermehrtem Meerblick und gr\u00f6\u00dferen \u00f6ffentlichen Bereichen. Highlights: &#8211; MSC Waterfront Boardwalk, der einen Gro\u00dfteil des Schiffes umgibt und [&hellip;]\" \/>\n<meta property=\"og:url\" content=\"https:\/\/der-reiseshop.de\/index.php\/msc-seaside-info\/\" \/>\n<meta property=\"og:site_name\" content=\"Dein-Schiff.de\" \/>\n<meta property=\"article:modified_time\" content=\"2021-06-18T22:27:45+00:00\" \/>\n<meta property=\"og:image\" content=\"https:\/\/der-reiseshop.de\/wp-content\/uploads\/2021\/06\/B2B_TA_SE_Visual_1120x465.jpg\" \/>\n<meta name=\"twitter:card\" content=\"summary_large_image\" \/>\n<meta name=\"twitter:label1\" content=\"Gesch\u00e4tzte Lesezeit\" \/>\n\t<meta name=\"twitter:data1\" content=\"1\u00a0Minute\" \/>\n<script type=\"application\/ld+json\" class=\"yoast-schema-graph\">{\"@context\":\"https:\/\/schema.org\",\"@graph\":[{\"@type\":\"WebPage\",\"@id\":\"https:\/\/der-reiseshop.de\/index.php\/msc-seaside-info\/\",\"url\":\"https:\/\/der-reiseshop.de\/index.php\/msc-seaside-info\/\",\"name\":\"MSC Seaside -Info- Dein-Schiff.de\",\"isPartOf\":{\"@id\":\"https:\/\/der-reiseshop.de\/#website\"},\"primaryImageOfPage\":{\"@id\":\"https:\/\/der-reiseshop.de\/index.php\/msc-seaside-info\/#primaryimage\"},\"image\":{\"@id\":\"https:\/\/der-reiseshop.de\/index.php\/msc-seaside-info\/#primaryimage\"},\"thumbnailUrl\":\"https:\/\/der-reiseshop.de\/wp-content\/uploads\/2021\/06\/B2B_TA_SE_Visual_1120x465.jpg\",\"datePublished\":\"2021-06-18T21:24:36+00:00\",\"dateModified\":\"2021-06-18T22:27:45+00:00\",\"breadcrumb\":{\"@id\":\"https:\/\/der-reiseshop.de\/index.php\/msc-seaside-info\/#breadcrumb\"},\"inLanguage\":\"de\",\"potentialAction\":[{\"@type\":\"ReadAction\",\"target\":[\"https:\/\/der-reiseshop.de\/index.php\/msc-seaside-info\/\"]}]},{\"@type\":\"ImageObject\",\"inLanguage\":\"de\",\"@id\":\"https:\/\/der-reiseshop.de\/index.php\/msc-seaside-info\/#primaryimage\",\"url\":\"https:\/\/der-reiseshop.de\/wp-content\/uploads\/2021\/06\/B2B_TA_SE_Visual_1120x465.jpg\",\"contentUrl\":\"https:\/\/der-reiseshop.de\/wp-content\/uploads\/2021\/06\/B2B_TA_SE_Visual_1120x465.jpg\",\"width\":1120,\"height\":465},{\"@type\":\"BreadcrumbList\",\"@id\":\"https:\/\/der-reiseshop.de\/index.php\/msc-seaside-info\/#breadcrumb\",\"itemListElement\":[{\"@type\":\"ListItem\",\"position\":1,\"name\":\"Startseite\",\"item\":\"https:\/\/der-reiseshop.de\/\"},{\"@type\":\"ListItem\",\"position\":2,\"name\":\"MSC Seaside -Info-\"}]},{\"@type\":\"WebSite\",\"@id\":\"https:\/\/der-reiseshop.de\/#website\",\"url\":\"https:\/\/der-reiseshop.de\/\",\"name\":\"Dein-Schiff.de\",\"description\":\"\",\"publisher\":{\"@id\":\"https:\/\/der-reiseshop.de\/#organization\"},\"potentialAction\":[{\"@type\":\"SearchAction\",\"target\":{\"@type\":\"EntryPoint\",\"urlTemplate\":\"https:\/\/der-reiseshop.de\/?s={search_term_string}\"},\"query-input\":{\"@type\":\"PropertyValueSpecification\",\"valueRequired\":true,\"valueName\":\"search_term_string\"}}],\"inLanguage\":\"de\"},{\"@type\":\"Organization\",\"@id\":\"https:\/\/der-reiseshop.de\/#organization\",\"name\":\"Dein-Schiff.de\",\"url\":\"https:\/\/der-reiseshop.de\/\",\"logo\":{\"@type\":\"ImageObject\",\"inLanguage\":\"de\",\"@id\":\"https:\/\/der-reiseshop.de\/#\/schema\/logo\/image\/\",\"url\":\"https:\/\/der-reiseshop.de\/wp-content\/uploads\/2022\/11\/Logo_print_mail.jpg\",\"contentUrl\":\"https:\/\/der-reiseshop.de\/wp-content\/uploads\/2022\/11\/Logo_print_mail.jpg\",\"width\":282,\"height\":139,\"caption\":\"Dein-Schiff.de\"},\"image\":{\"@id\":\"https:\/\/der-reiseshop.de\/#\/schema\/logo\/image\/\"}}]}<\/script>\n<!-- \/ Yoast SEO plugin. -->","yoast_head_json":{"title":"MSC Seaside -Info- Dein-Schiff.de","robots":{"index":"index","follow":"follow","max-snippet":"max-snippet:-1","max-image-preview":"max-image-preview:large","max-video-preview":"max-video-preview:-1"},"canonical":"https:\/\/der-reiseshop.de\/index.php\/msc-seaside-info\/","og_locale":"de_DE","og_type":"article","og_title":"MSC Seaside -Info- Dein-Schiff.de","og_description":"[tcb_logo href=&#8217;https:\/\/der-reiseshop.de&#8217; data-id-d=&#8217;0&#8242; data-css=&#8217;tve-u-17a1fb6af21&#8242; data-img-style=&#8217;width: 100%;&#8217; class=&#8217;dynamic-group-kbjp1vpj&#8217; data-alt=&#8221;] Allgemeine Informationen: Mit der MSC Seaside k\u00f6nnt die Karibik und die franz\u00f6sischen Antillen entdecken oder das westliche Mittelmeer erleben. MSC Seaside bietet den Vorzug einer h\u00f6heren Anzahl an Balkonkabinen, vermehrtem Meerblick und gr\u00f6\u00dferen \u00f6ffentlichen Bereichen. Highlights: &#8211; MSC Waterfront Boardwalk, der einen Gro\u00dfteil des Schiffes umgibt und [&hellip;]","og_url":"https:\/\/der-reiseshop.de\/index.php\/msc-seaside-info\/","og_site_name":"Dein-Schiff.de","article_modified_time":"2021-06-18T22:27:45+00:00","og_image":[{"url":"https:\/\/der-reiseshop.de\/wp-content\/uploads\/2021\/06\/B2B_TA_SE_Visual_1120x465.jpg","type":"","width":"","height":""}],"twitter_card":"summary_large_image","twitter_misc":{"Gesch\u00e4tzte Lesezeit":"1\u00a0Minute"},"schema":{"@context":"https:\/\/schema.org","@graph":[{"@type":"WebPage","@id":"https:\/\/der-reiseshop.de\/index.php\/msc-seaside-info\/","url":"https:\/\/der-reiseshop.de\/index.php\/msc-seaside-info\/","name":"MSC Seaside -Info- Dein-Schiff.de","isPartOf":{"@id":"https:\/\/der-reiseshop.de\/#website"},"primaryImageOfPage":{"@id":"https:\/\/der-reiseshop.de\/index.php\/msc-seaside-info\/#primaryimage"},"image":{"@id":"https:\/\/der-reiseshop.de\/index.php\/msc-seaside-info\/#primaryimage"},"thumbnailUrl":"https:\/\/der-reiseshop.de\/wp-content\/uploads\/2021\/06\/B2B_TA_SE_Visual_1120x465.jpg","datePublished":"2021-06-18T21:24:36+00:00","dateModified":"2021-06-18T22:27:45+00:00","breadcrumb":{"@id":"https:\/\/der-reiseshop.de\/index.php\/msc-seaside-info\/#breadcrumb"},"inLanguage":"de","potentialAction":[{"@type":"ReadAction","target":["https:\/\/der-reiseshop.de\/index.php\/msc-seaside-info\/"]}]},{"@type":"ImageObject","inLanguage":"de","@id":"https:\/\/der-reiseshop.de\/index.php\/msc-seaside-info\/#primaryimage","url":"https:\/\/der-reiseshop.de\/wp-content\/uploads\/2021\/06\/B2B_TA_SE_Visual_1120x465.jpg","contentUrl":"https:\/\/der-reiseshop.de\/wp-content\/uploads\/2021\/06\/B2B_TA_SE_Visual_1120x465.jpg","width":1120,"height":465},{"@type":"BreadcrumbList","@id":"https:\/\/der-reiseshop.de\/index.php\/msc-seaside-info\/#breadcrumb","itemListElement":[{"@type":"ListItem","position":1,"name":"Startseite","item":"https:\/\/der-reiseshop.de\/"},{"@type":"ListItem","position":2,"name":"MSC Seaside -Info-"}]},{"@type":"WebSite","@id":"https:\/\/der-reiseshop.de\/#website","url":"https:\/\/der-reiseshop.de\/","name":"Dein-Schiff.de","description":"","publisher":{"@id":"https:\/\/der-reiseshop.de\/#organization"},"potentialAction":[{"@type":"SearchAction","target":{"@type":"EntryPoint","urlTemplate":"https:\/\/der-reiseshop.de\/?s={search_term_string}"},"query-input":{"@type":"PropertyValueSpecification","valueRequired":true,"valueName":"search_term_string"}}],"inLanguage":"de"},{"@type":"Organization","@id":"https:\/\/der-reiseshop.de\/#organization","name":"Dein-Schiff.de","url":"https:\/\/der-reiseshop.de\/","logo":{"@type":"ImageObject","inLanguage":"de","@id":"https:\/\/der-reiseshop.de\/#\/schema\/logo\/image\/","url":"https:\/\/der-reiseshop.de\/wp-content\/uploads\/2022\/11\/Logo_print_mail.jpg","contentUrl":"https:\/\/der-reiseshop.de\/wp-content\/uploads\/2022\/11\/Logo_print_mail.jpg","width":282,"height":139,"caption":"Dein-Schiff.de"},"image":{"@id":"https:\/\/der-reiseshop.de\/#\/schema\/logo\/image\/"}}]}},"_links":{"self":[{"href":"https:\/\/der-reiseshop.de\/index.php\/wp-json\/wp\/v2\/pages\/18148","targetHints":{"allow":["GET"]}}],"collection":[{"href":"https:\/\/der-reiseshop.de\/index.php\/wp-json\/wp\/v2\/pages"}],"about":[{"href":"https:\/\/der-reiseshop.de\/index.php\/wp-json\/wp\/v2\/types\/page"}],"author":[{"embeddable":true,"href":"https:\/\/der-reiseshop.de\/index.php\/wp-json\/wp\/v2\/users\/4"}],"replies":[{"embeddable":true,"href":"https:\/\/der-reiseshop.de\/index.php\/wp-json\/wp\/v2\/comments?post=18148"}],"version-history":[{"count":8,"href":"https:\/\/der-reiseshop.de\/index.php\/wp-json\/wp\/v2\/pages\/18148\/revisions"}],"predecessor-version":[{"id":18187,"href":"https:\/\/der-reiseshop.de\/index.php\/wp-json\/wp\/v2\/pages\/18148\/revisions\/18187"}],"wp:attachment":[{"href":"https:\/\/der-reiseshop.de\/index.php\/wp-json\/wp\/v2\/media?parent=18148"}],"curies":[{"name":"wp","href":"https:\/\/api.w.org\/{rel}","templated":true}]}}