{"id":18172,"date":"2021-06-18T23:43:40","date_gmt":"2021-06-18T21:43:40","guid":{"rendered":"https:\/\/der-reiseshop.de\/?page_id=18172"},"modified":"2021-06-19T01:06:07","modified_gmt":"2021-06-18T23:06:07","slug":"msc-splendida-info","status":"publish","type":"page","link":"https:\/\/der-reiseshop.de\/index.php\/msc-splendida-info\/","title":{"rendered":"MSC Splendida -Info-"},"content":{"rendered":"<p><span><img loading=\"lazy\" decoding=\"async\" alt=\"\" data-id=\"18169\" width=\"700\" data-init-width=\"1116\" height=\"312\" data-init-height=\"498\" title=\"MSC_BOOKMSC_SPLENDIDA\" src=\"https:\/\/der-reiseshop.de\/wp-content\/uploads\/2021\/06\/MSC_BOOKMSC_SPLENDIDA.png\" data-width=\"700\" data-height=\"312\" loading=\"lazy\"><\/span>[tcb_logo href=&#8217;https:\/\/der-reiseshop.de&#8217; data-id-d=&#8217;0&#8242; data-css=&#8217;tve-u-17a1fb6af21&#8242; data-img-style=&#8217;width: 100%;&#8217; class=&#8217;dynamic-group-kbjp1vpj&#8217; data-alt=&#8221;]<\/p>\n<h3 style=\"\"><strong>Allgemeine Informationen:<\/strong><\/h3>\n<p style=\"color: var(--tcb-skin-color-0)  !important; --tcb-applied-color:  var$(--tcb-skin-color-0)  !important;\">Die&nbsp;<strong>MSC Splendida<\/strong> ist ein beeindruckendes Kreuzfahrtschiff mit modernster Technologie und au\u00dfergew\u00f6hnlichem Komfort, das auf die Passagiere wie eine Oase der Entspannung und Inspiration wirkt.<\/p>\n<p><span><img loading=\"lazy\" decoding=\"async\" alt=\"\" data-id=\"18175\" width=\"610\" data-init-width=\"2560\" height=\"406\" data-init-height=\"1703\" title=\"MSC Splendida\" src=\"https:\/\/der-reiseshop.de\/wp-content\/uploads\/2021\/06\/MSC-Splendida-scaled.jpg\" data-width=\"610\" data-height=\"406\" loading=\"lazy\"><\/span><\/p>\n<p style=\"\"><strong>Highlights: <\/strong>&#8211; Piazza im italienischen Stil, sowie ein &nbsp;Pantheon-Theater in Broadway-Gr\u00f6\u00dfe&nbsp;&#8211; Elegante, mit Swarovski-Glas verzierte Treppenaufg\u00e4nge&nbsp;&#8211; Vier Pools, ein Fitnesscenter mit Meerblick, Squash-Platz, Formel 1-Simulator&nbsp;&nbsp;&#8211; \u00c0 la carte Restaurant sowie ein Buffetrestaurant mit Meerblick&nbsp;&nbsp;&#8211; Eine verlockende Auswahl an Massagen und Wellnessbehandlungen im Aurea Spa&nbsp;&nbsp;&#8211; MSC Yacht Club mit Butler Service und stilvollen Kunstwerken&nbsp;&#8211; Gro\u00dfer Vergn\u00fcgungsbereich f\u00fcr Familien und Kinder mit 4D-Kino&nbsp;&#8211; Ausgezeichnet mit dem Titel ECO SHIP<\/p>\n<h3>Technische Daten und Deckplan<\/h3>\n<h3><\/h3>\n","protected":false},"excerpt":{"rendered":"<p>[tcb_logo href=&#8217;https:\/\/der-reiseshop.de&#8217; data-id-d=&#8217;0&#8242; data-css=&#8217;tve-u-17a1fb6af21&#8242; data-img-style=&#8217;width: 100%;&#8217; class=&#8217;dynamic-group-kbjp1vpj&#8217; data-alt=&#8221;] Allgemeine Informationen: Die&nbsp;MSC Splendida ist ein beeindruckendes Kreuzfahrtschiff mit modernster Technologie und au\u00dfergew\u00f6hnlichem Komfort, das auf die Passagiere wie eine Oase der Entspannung und Inspiration wirkt. Highlights: &#8211; Piazza im italienischen Stil, sowie ein &nbsp;Pantheon-Theater in Broadway-Gr\u00f6\u00dfe&nbsp;&#8211; Elegante, mit Swarovski-Glas verzierte Treppenaufg\u00e4nge&nbsp;&#8211; Vier Pools, ein Fitnesscenter mit [&hellip;]<\/p>\n","protected":false},"author":4,"featured_media":0,"parent":0,"menu_order":0,"comment_status":"closed","ping_status":"closed","template":"","meta":{"_exactmetrics_skip_tracking":false,"_exactmetrics_sitenote_active":false,"_exactmetrics_sitenote_note":"","_exactmetrics_sitenote_category":0,"_kadence_starter_templates_imported_post":false,"footnotes":""},"class_list":["post-18172","page","type-page","status-publish","hentry"],"yoast_head":"<!-- This site is optimized with the Yoast SEO plugin v27.2 - https:\/\/yoast.com\/product\/yoast-seo-wordpress\/ -->\n<title>MSC Splendida -Info- Dein-Schiff.de<\/title>\n<meta name=\"robots\" content=\"index, follow, max-snippet:-1, max-image-preview:large, max-video-preview:-1\" \/>\n<link rel=\"canonical\" href=\"https:\/\/der-reiseshop.de\/index.php\/msc-splendida-info\/\" \/>\n<meta property=\"og:locale\" content=\"de_DE\" \/>\n<meta property=\"og:type\" content=\"article\" \/>\n<meta property=\"og:title\" content=\"MSC Splendida -Info- Dein-Schiff.de\" \/>\n<meta property=\"og:description\" content=\"[tcb_logo href=&#8217;https:\/\/der-reiseshop.de&#8217; data-id-d=&#8217;0&#8242; data-css=&#8217;tve-u-17a1fb6af21&#8242; data-img-style=&#8217;width: 100%;&#8217; class=&#8217;dynamic-group-kbjp1vpj&#8217; data-alt=&#8221;] Allgemeine Informationen: Die&nbsp;MSC Splendida ist ein beeindruckendes Kreuzfahrtschiff mit modernster Technologie und au\u00dfergew\u00f6hnlichem Komfort, das auf die Passagiere wie eine Oase der Entspannung und Inspiration wirkt. Highlights: &#8211; Piazza im italienischen Stil, sowie ein &nbsp;Pantheon-Theater in Broadway-Gr\u00f6\u00dfe&nbsp;&#8211; Elegante, mit Swarovski-Glas verzierte Treppenaufg\u00e4nge&nbsp;&#8211; Vier Pools, ein Fitnesscenter mit [&hellip;]\" \/>\n<meta property=\"og:url\" content=\"https:\/\/der-reiseshop.de\/index.php\/msc-splendida-info\/\" \/>\n<meta property=\"og:site_name\" content=\"Dein-Schiff.de\" \/>\n<meta property=\"article:modified_time\" content=\"2021-06-18T23:06:07+00:00\" \/>\n<meta property=\"og:image\" content=\"https:\/\/der-reiseshop.de\/wp-content\/uploads\/2021\/06\/MSC_BOOKMSC_SPLENDIDA.png\" \/>\n<meta name=\"twitter:card\" content=\"summary_large_image\" \/>\n<meta name=\"twitter:label1\" content=\"Gesch\u00e4tzte Lesezeit\" \/>\n\t<meta name=\"twitter:data1\" content=\"1\u00a0Minute\" \/>\n<script type=\"application\/ld+json\" class=\"yoast-schema-graph\">{\"@context\":\"https:\/\/schema.org\",\"@graph\":[{\"@type\":\"WebPage\",\"@id\":\"https:\/\/der-reiseshop.de\/index.php\/msc-splendida-info\/\",\"url\":\"https:\/\/der-reiseshop.de\/index.php\/msc-splendida-info\/\",\"name\":\"MSC Splendida -Info- Dein-Schiff.de\",\"isPartOf\":{\"@id\":\"https:\/\/der-reiseshop.de\/#website\"},\"primaryImageOfPage\":{\"@id\":\"https:\/\/der-reiseshop.de\/index.php\/msc-splendida-info\/#primaryimage\"},\"image\":{\"@id\":\"https:\/\/der-reiseshop.de\/index.php\/msc-splendida-info\/#primaryimage\"},\"thumbnailUrl\":\"https:\/\/der-reiseshop.de\/wp-content\/uploads\/2021\/06\/MSC_BOOKMSC_SPLENDIDA.png\",\"datePublished\":\"2021-06-18T21:43:40+00:00\",\"dateModified\":\"2021-06-18T23:06:07+00:00\",\"breadcrumb\":{\"@id\":\"https:\/\/der-reiseshop.de\/index.php\/msc-splendida-info\/#breadcrumb\"},\"inLanguage\":\"de\",\"potentialAction\":[{\"@type\":\"ReadAction\",\"target\":[\"https:\/\/der-reiseshop.de\/index.php\/msc-splendida-info\/\"]}]},{\"@type\":\"ImageObject\",\"inLanguage\":\"de\",\"@id\":\"https:\/\/der-reiseshop.de\/index.php\/msc-splendida-info\/#primaryimage\",\"url\":\"https:\/\/der-reiseshop.de\/wp-content\/uploads\/2021\/06\/MSC_BOOKMSC_SPLENDIDA.png\",\"contentUrl\":\"https:\/\/der-reiseshop.de\/wp-content\/uploads\/2021\/06\/MSC_BOOKMSC_SPLENDIDA.png\",\"width\":1116,\"height\":498},{\"@type\":\"BreadcrumbList\",\"@id\":\"https:\/\/der-reiseshop.de\/index.php\/msc-splendida-info\/#breadcrumb\",\"itemListElement\":[{\"@type\":\"ListItem\",\"position\":1,\"name\":\"Startseite\",\"item\":\"https:\/\/der-reiseshop.de\/\"},{\"@type\":\"ListItem\",\"position\":2,\"name\":\"MSC Splendida -Info-\"}]},{\"@type\":\"WebSite\",\"@id\":\"https:\/\/der-reiseshop.de\/#website\",\"url\":\"https:\/\/der-reiseshop.de\/\",\"name\":\"Dein-Schiff.de\",\"description\":\"\",\"publisher\":{\"@id\":\"https:\/\/der-reiseshop.de\/#organization\"},\"potentialAction\":[{\"@type\":\"SearchAction\",\"target\":{\"@type\":\"EntryPoint\",\"urlTemplate\":\"https:\/\/der-reiseshop.de\/?s={search_term_string}\"},\"query-input\":{\"@type\":\"PropertyValueSpecification\",\"valueRequired\":true,\"valueName\":\"search_term_string\"}}],\"inLanguage\":\"de\"},{\"@type\":\"Organization\",\"@id\":\"https:\/\/der-reiseshop.de\/#organization\",\"name\":\"Dein-Schiff.de\",\"url\":\"https:\/\/der-reiseshop.de\/\",\"logo\":{\"@type\":\"ImageObject\",\"inLanguage\":\"de\",\"@id\":\"https:\/\/der-reiseshop.de\/#\/schema\/logo\/image\/\",\"url\":\"https:\/\/der-reiseshop.de\/wp-content\/uploads\/2022\/11\/Logo_print_mail.jpg\",\"contentUrl\":\"https:\/\/der-reiseshop.de\/wp-content\/uploads\/2022\/11\/Logo_print_mail.jpg\",\"width\":282,\"height\":139,\"caption\":\"Dein-Schiff.de\"},\"image\":{\"@id\":\"https:\/\/der-reiseshop.de\/#\/schema\/logo\/image\/\"}}]}<\/script>\n<!-- \/ Yoast SEO plugin. -->","yoast_head_json":{"title":"MSC Splendida -Info- Dein-Schiff.de","robots":{"index":"index","follow":"follow","max-snippet":"max-snippet:-1","max-image-preview":"max-image-preview:large","max-video-preview":"max-video-preview:-1"},"canonical":"https:\/\/der-reiseshop.de\/index.php\/msc-splendida-info\/","og_locale":"de_DE","og_type":"article","og_title":"MSC Splendida -Info- Dein-Schiff.de","og_description":"[tcb_logo href=&#8217;https:\/\/der-reiseshop.de&#8217; data-id-d=&#8217;0&#8242; data-css=&#8217;tve-u-17a1fb6af21&#8242; data-img-style=&#8217;width: 100%;&#8217; class=&#8217;dynamic-group-kbjp1vpj&#8217; data-alt=&#8221;] Allgemeine Informationen: Die&nbsp;MSC Splendida ist ein beeindruckendes Kreuzfahrtschiff mit modernster Technologie und au\u00dfergew\u00f6hnlichem Komfort, das auf die Passagiere wie eine Oase der Entspannung und Inspiration wirkt. Highlights: &#8211; Piazza im italienischen Stil, sowie ein &nbsp;Pantheon-Theater in Broadway-Gr\u00f6\u00dfe&nbsp;&#8211; Elegante, mit Swarovski-Glas verzierte Treppenaufg\u00e4nge&nbsp;&#8211; Vier Pools, ein Fitnesscenter mit [&hellip;]","og_url":"https:\/\/der-reiseshop.de\/index.php\/msc-splendida-info\/","og_site_name":"Dein-Schiff.de","article_modified_time":"2021-06-18T23:06:07+00:00","og_image":[{"url":"https:\/\/der-reiseshop.de\/wp-content\/uploads\/2021\/06\/MSC_BOOKMSC_SPLENDIDA.png","type":"","width":"","height":""}],"twitter_card":"summary_large_image","twitter_misc":{"Gesch\u00e4tzte Lesezeit":"1\u00a0Minute"},"schema":{"@context":"https:\/\/schema.org","@graph":[{"@type":"WebPage","@id":"https:\/\/der-reiseshop.de\/index.php\/msc-splendida-info\/","url":"https:\/\/der-reiseshop.de\/index.php\/msc-splendida-info\/","name":"MSC Splendida -Info- Dein-Schiff.de","isPartOf":{"@id":"https:\/\/der-reiseshop.de\/#website"},"primaryImageOfPage":{"@id":"https:\/\/der-reiseshop.de\/index.php\/msc-splendida-info\/#primaryimage"},"image":{"@id":"https:\/\/der-reiseshop.de\/index.php\/msc-splendida-info\/#primaryimage"},"thumbnailUrl":"https:\/\/der-reiseshop.de\/wp-content\/uploads\/2021\/06\/MSC_BOOKMSC_SPLENDIDA.png","datePublished":"2021-06-18T21:43:40+00:00","dateModified":"2021-06-18T23:06:07+00:00","breadcrumb":{"@id":"https:\/\/der-reiseshop.de\/index.php\/msc-splendida-info\/#breadcrumb"},"inLanguage":"de","potentialAction":[{"@type":"ReadAction","target":["https:\/\/der-reiseshop.de\/index.php\/msc-splendida-info\/"]}]},{"@type":"ImageObject","inLanguage":"de","@id":"https:\/\/der-reiseshop.de\/index.php\/msc-splendida-info\/#primaryimage","url":"https:\/\/der-reiseshop.de\/wp-content\/uploads\/2021\/06\/MSC_BOOKMSC_SPLENDIDA.png","contentUrl":"https:\/\/der-reiseshop.de\/wp-content\/uploads\/2021\/06\/MSC_BOOKMSC_SPLENDIDA.png","width":1116,"height":498},{"@type":"BreadcrumbList","@id":"https:\/\/der-reiseshop.de\/index.php\/msc-splendida-info\/#breadcrumb","itemListElement":[{"@type":"ListItem","position":1,"name":"Startseite","item":"https:\/\/der-reiseshop.de\/"},{"@type":"ListItem","position":2,"name":"MSC Splendida -Info-"}]},{"@type":"WebSite","@id":"https:\/\/der-reiseshop.de\/#website","url":"https:\/\/der-reiseshop.de\/","name":"Dein-Schiff.de","description":"","publisher":{"@id":"https:\/\/der-reiseshop.de\/#organization"},"potentialAction":[{"@type":"SearchAction","target":{"@type":"EntryPoint","urlTemplate":"https:\/\/der-reiseshop.de\/?s={search_term_string}"},"query-input":{"@type":"PropertyValueSpecification","valueRequired":true,"valueName":"search_term_string"}}],"inLanguage":"de"},{"@type":"Organization","@id":"https:\/\/der-reiseshop.de\/#organization","name":"Dein-Schiff.de","url":"https:\/\/der-reiseshop.de\/","logo":{"@type":"ImageObject","inLanguage":"de","@id":"https:\/\/der-reiseshop.de\/#\/schema\/logo\/image\/","url":"https:\/\/der-reiseshop.de\/wp-content\/uploads\/2022\/11\/Logo_print_mail.jpg","contentUrl":"https:\/\/der-reiseshop.de\/wp-content\/uploads\/2022\/11\/Logo_print_mail.jpg","width":282,"height":139,"caption":"Dein-Schiff.de"},"image":{"@id":"https:\/\/der-reiseshop.de\/#\/schema\/logo\/image\/"}}]}},"_links":{"self":[{"href":"https:\/\/der-reiseshop.de\/index.php\/wp-json\/wp\/v2\/pages\/18172","targetHints":{"allow":["GET"]}}],"collection":[{"href":"https:\/\/der-reiseshop.de\/index.php\/wp-json\/wp\/v2\/pages"}],"about":[{"href":"https:\/\/der-reiseshop.de\/index.php\/wp-json\/wp\/v2\/types\/page"}],"author":[{"embeddable":true,"href":"https:\/\/der-reiseshop.de\/index.php\/wp-json\/wp\/v2\/users\/4"}],"replies":[{"embeddable":true,"href":"https:\/\/der-reiseshop.de\/index.php\/wp-json\/wp\/v2\/comments?post=18172"}],"version-history":[{"count":5,"href":"https:\/\/der-reiseshop.de\/index.php\/wp-json\/wp\/v2\/pages\/18172\/revisions"}],"predecessor-version":[{"id":18203,"href":"https:\/\/der-reiseshop.de\/index.php\/wp-json\/wp\/v2\/pages\/18172\/revisions\/18203"}],"wp:attachment":[{"href":"https:\/\/der-reiseshop.de\/index.php\/wp-json\/wp\/v2\/media?parent=18172"}],"curies":[{"name":"wp","href":"https:\/\/api.w.org\/{rel}","templated":true}]}}