{"id":18505,"date":"2021-07-06T10:35:58","date_gmt":"2021-07-06T08:35:58","guid":{"rendered":"https:\/\/der-reiseshop.de\/?page_id=18505"},"modified":"2021-07-06T10:35:58","modified_gmt":"2021-07-06T08:35:58","slug":"ncl-epic-info","status":"publish","type":"page","link":"https:\/\/der-reiseshop.de\/index.php\/ncl-epic-info\/","title":{"rendered":"NCL Epic &#8211; Info &#8211;"},"content":{"rendered":"<p><span><img loading=\"lazy\" decoding=\"async\" alt=\"\" data-id=\"11553\" width=\"700\" data-init-width=\"716\" height=\"368\" data-init-height=\"376\" title=\"Mein Schiff Herz\" src=\"https:\/\/der-reiseshop.de\/wp-content\/uploads\/2019\/10\/Mein_Schiff_Herz_Kreuzfahrten__Schiffsbewertungen_und_Deckplan.jpg\" data-width=\"700\" data-height=\"368\" loading=\"lazy\"><\/span>[tcb_logo href=&#8217;https:\/\/der-reiseshop.de&#8217; data-id-d=&#8217;0&#8242; data-css=&#8217;tve-u-17a1fb6af21&#8242; data-img-style=&#8217;width: 100%;&#8217; class=&#8217;dynamic-group-kbjp1vpj&#8217; data-alt=&#8221;]<\/p>\n<h3 style=\"\"><strong>Allgemeine Informationen:<\/strong><\/h3>\n<p style=\"color: var(--tcb-skin-color-0)  !important; --tcb-applied-color:  var$(--tcb-skin-color-0)  !important;\">Die&nbsp;Mein Schiff Herz verl\u00e4sst die TUI Cruises Flotte im Fr\u00fchjahr 2023.<\/p>\n<p style=\"color: var(--tcb-skin-color-0)  !important; --tcb-applied-color:  var$(--tcb-skin-color-0)  !important;\">Geniesst noch einmal die Mein Schiff Herz. Das kleinste Schiff der Flotte wurde zuletzt bis M\u00e4rz 2019 renoviert, hat dabei aber keinesfalls seinen Charme verloren. Die Mein Schiff Herz bietet viel Raum f\u00fcr den ultimativen &#8220;Wohlf\u00fchlfaktor&#8221; und ist somit Garant f\u00fcr erholsame Tage an Bord. Lasst euch von dem Premium All Inklusive Angebot in den Restaurants und Bars an Bord verw\u00f6hnen.<\/p>\n<p style=\"color: var(--tcb-skin-color-0)  !important; --tcb-applied-color:  var$(--tcb-skin-color-0)  !important;\">Maximal 1900 Passagiere werden von 780 Crewmitgliedern verw\u00f6hnt und umsorgt. Fitnessraum, Joggingpfad, Wellnessoase, zwei Pools und ein kulinarisches Angebot, dass euch begeistern wird und vieles mehr, erwarten die G\u00e4ste an Bord von Mein Schiff Herz.<\/p>\n<p><span><img loading=\"lazy\" decoding=\"async\" alt=\"\" data-id=\"18418\" width=\"610\" data-init-width=\"800\" height=\"457\" data-init-height=\"600\" title=\"1003158\" src=\"https:\/\/der-reiseshop.de\/wp-content\/uploads\/2021\/07\/1003158.jpg\" data-width=\"610\" data-height=\"457\" loading=\"lazy\"><\/span><\/p>\n<h3>Deckplan<\/h3>\n<h3><\/h3>\n<p><span><img loading=\"lazy\" decoding=\"async\" alt=\"\" data-id=\"18424\" width=\"702\" data-init-width=\"800\" height=\"526\" data-init-height=\"600\" title=\"meins\" src=\"https:\/\/der-reiseshop.de\/wp-content\/uploads\/2021\/07\/1003148-1.jpg\" data-width=\"702\" data-height=\"526\" loading=\"lazy\"><\/span><\/p>\n","protected":false},"excerpt":{"rendered":"<p>[tcb_logo href=&#8217;https:\/\/der-reiseshop.de&#8217; data-id-d=&#8217;0&#8242; data-css=&#8217;tve-u-17a1fb6af21&#8242; data-img-style=&#8217;width: 100%;&#8217; class=&#8217;dynamic-group-kbjp1vpj&#8217; data-alt=&#8221;] Allgemeine Informationen: Die&nbsp;Mein Schiff Herz verl\u00e4sst die TUI Cruises Flotte im Fr\u00fchjahr 2023. Geniesst noch einmal die Mein Schiff Herz. Das kleinste Schiff der Flotte wurde zuletzt bis M\u00e4rz 2019 renoviert, hat dabei aber keinesfalls seinen Charme verloren. Die Mein Schiff Herz bietet viel Raum f\u00fcr den [&hellip;]<\/p>\n","protected":false},"author":4,"featured_media":0,"parent":0,"menu_order":0,"comment_status":"closed","ping_status":"closed","template":"","meta":{"_exactmetrics_skip_tracking":false,"_exactmetrics_sitenote_active":false,"_exactmetrics_sitenote_note":"","_exactmetrics_sitenote_category":0,"_kadence_starter_templates_imported_post":false,"footnotes":""},"class_list":["post-18505","page","type-page","status-publish","hentry"],"yoast_head":"<!-- This site is optimized with the Yoast SEO plugin v27.2 - https:\/\/yoast.com\/product\/yoast-seo-wordpress\/ -->\n<title>NCL Epic - Info - Dein-Schiff.de<\/title>\n<meta name=\"robots\" content=\"index, follow, max-snippet:-1, max-image-preview:large, max-video-preview:-1\" \/>\n<link rel=\"canonical\" href=\"https:\/\/der-reiseshop.de\/index.php\/ncl-epic-info\/\" \/>\n<meta property=\"og:locale\" content=\"de_DE\" \/>\n<meta property=\"og:type\" content=\"article\" \/>\n<meta property=\"og:title\" content=\"NCL Epic - Info - Dein-Schiff.de\" \/>\n<meta property=\"og:description\" content=\"[tcb_logo href=&#8217;https:\/\/der-reiseshop.de&#8217; data-id-d=&#8217;0&#8242; data-css=&#8217;tve-u-17a1fb6af21&#8242; data-img-style=&#8217;width: 100%;&#8217; class=&#8217;dynamic-group-kbjp1vpj&#8217; data-alt=&#8221;] Allgemeine Informationen: Die&nbsp;Mein Schiff Herz verl\u00e4sst die TUI Cruises Flotte im Fr\u00fchjahr 2023. Geniesst noch einmal die Mein Schiff Herz. Das kleinste Schiff der Flotte wurde zuletzt bis M\u00e4rz 2019 renoviert, hat dabei aber keinesfalls seinen Charme verloren. Die Mein Schiff Herz bietet viel Raum f\u00fcr den [&hellip;]\" \/>\n<meta property=\"og:url\" content=\"https:\/\/der-reiseshop.de\/index.php\/ncl-epic-info\/\" \/>\n<meta property=\"og:site_name\" content=\"Dein-Schiff.de\" \/>\n<meta property=\"og:image\" content=\"https:\/\/der-reiseshop.de\/wp-content\/uploads\/2019\/10\/Mein_Schiff_Herz_Kreuzfahrten__Schiffsbewertungen_und_Deckplan.jpg\" \/>\n<meta name=\"twitter:card\" content=\"summary_large_image\" \/>\n<meta name=\"twitter:label1\" content=\"Gesch\u00e4tzte Lesezeit\" \/>\n\t<meta name=\"twitter:data1\" content=\"2\u00a0Minuten\" \/>\n<script type=\"application\/ld+json\" class=\"yoast-schema-graph\">{\"@context\":\"https:\/\/schema.org\",\"@graph\":[{\"@type\":\"WebPage\",\"@id\":\"https:\/\/der-reiseshop.de\/index.php\/ncl-epic-info\/\",\"url\":\"https:\/\/der-reiseshop.de\/index.php\/ncl-epic-info\/\",\"name\":\"NCL Epic - Info - Dein-Schiff.de\",\"isPartOf\":{\"@id\":\"https:\/\/der-reiseshop.de\/#website\"},\"primaryImageOfPage\":{\"@id\":\"https:\/\/der-reiseshop.de\/index.php\/ncl-epic-info\/#primaryimage\"},\"image\":{\"@id\":\"https:\/\/der-reiseshop.de\/index.php\/ncl-epic-info\/#primaryimage\"},\"thumbnailUrl\":\"https:\/\/der-reiseshop.de\/wp-content\/uploads\/2019\/10\/Mein_Schiff_Herz_Kreuzfahrten__Schiffsbewertungen_und_Deckplan.jpg\",\"datePublished\":\"2021-07-06T08:35:58+00:00\",\"breadcrumb\":{\"@id\":\"https:\/\/der-reiseshop.de\/index.php\/ncl-epic-info\/#breadcrumb\"},\"inLanguage\":\"de\",\"potentialAction\":[{\"@type\":\"ReadAction\",\"target\":[\"https:\/\/der-reiseshop.de\/index.php\/ncl-epic-info\/\"]}]},{\"@type\":\"ImageObject\",\"inLanguage\":\"de\",\"@id\":\"https:\/\/der-reiseshop.de\/index.php\/ncl-epic-info\/#primaryimage\",\"url\":\"https:\/\/der-reiseshop.de\/wp-content\/uploads\/2019\/10\/Mein_Schiff_Herz_Kreuzfahrten__Schiffsbewertungen_und_Deckplan.jpg\",\"contentUrl\":\"https:\/\/der-reiseshop.de\/wp-content\/uploads\/2019\/10\/Mein_Schiff_Herz_Kreuzfahrten__Schiffsbewertungen_und_Deckplan.jpg\",\"width\":716,\"height\":376},{\"@type\":\"BreadcrumbList\",\"@id\":\"https:\/\/der-reiseshop.de\/index.php\/ncl-epic-info\/#breadcrumb\",\"itemListElement\":[{\"@type\":\"ListItem\",\"position\":1,\"name\":\"Startseite\",\"item\":\"https:\/\/der-reiseshop.de\/\"},{\"@type\":\"ListItem\",\"position\":2,\"name\":\"NCL Epic &#8211; Info &#8211;\"}]},{\"@type\":\"WebSite\",\"@id\":\"https:\/\/der-reiseshop.de\/#website\",\"url\":\"https:\/\/der-reiseshop.de\/\",\"name\":\"Dein-Schiff.de\",\"description\":\"\",\"publisher\":{\"@id\":\"https:\/\/der-reiseshop.de\/#organization\"},\"potentialAction\":[{\"@type\":\"SearchAction\",\"target\":{\"@type\":\"EntryPoint\",\"urlTemplate\":\"https:\/\/der-reiseshop.de\/?s={search_term_string}\"},\"query-input\":{\"@type\":\"PropertyValueSpecification\",\"valueRequired\":true,\"valueName\":\"search_term_string\"}}],\"inLanguage\":\"de\"},{\"@type\":\"Organization\",\"@id\":\"https:\/\/der-reiseshop.de\/#organization\",\"name\":\"Dein-Schiff.de\",\"url\":\"https:\/\/der-reiseshop.de\/\",\"logo\":{\"@type\":\"ImageObject\",\"inLanguage\":\"de\",\"@id\":\"https:\/\/der-reiseshop.de\/#\/schema\/logo\/image\/\",\"url\":\"https:\/\/der-reiseshop.de\/wp-content\/uploads\/2022\/11\/Logo_print_mail.jpg\",\"contentUrl\":\"https:\/\/der-reiseshop.de\/wp-content\/uploads\/2022\/11\/Logo_print_mail.jpg\",\"width\":282,\"height\":139,\"caption\":\"Dein-Schiff.de\"},\"image\":{\"@id\":\"https:\/\/der-reiseshop.de\/#\/schema\/logo\/image\/\"}}]}<\/script>\n<!-- \/ Yoast SEO plugin. -->","yoast_head_json":{"title":"NCL Epic - Info - Dein-Schiff.de","robots":{"index":"index","follow":"follow","max-snippet":"max-snippet:-1","max-image-preview":"max-image-preview:large","max-video-preview":"max-video-preview:-1"},"canonical":"https:\/\/der-reiseshop.de\/index.php\/ncl-epic-info\/","og_locale":"de_DE","og_type":"article","og_title":"NCL Epic - Info - Dein-Schiff.de","og_description":"[tcb_logo href=&#8217;https:\/\/der-reiseshop.de&#8217; data-id-d=&#8217;0&#8242; data-css=&#8217;tve-u-17a1fb6af21&#8242; data-img-style=&#8217;width: 100%;&#8217; class=&#8217;dynamic-group-kbjp1vpj&#8217; data-alt=&#8221;] Allgemeine Informationen: Die&nbsp;Mein Schiff Herz verl\u00e4sst die TUI Cruises Flotte im Fr\u00fchjahr 2023. Geniesst noch einmal die Mein Schiff Herz. Das kleinste Schiff der Flotte wurde zuletzt bis M\u00e4rz 2019 renoviert, hat dabei aber keinesfalls seinen Charme verloren. Die Mein Schiff Herz bietet viel Raum f\u00fcr den [&hellip;]","og_url":"https:\/\/der-reiseshop.de\/index.php\/ncl-epic-info\/","og_site_name":"Dein-Schiff.de","og_image":[{"url":"https:\/\/der-reiseshop.de\/wp-content\/uploads\/2019\/10\/Mein_Schiff_Herz_Kreuzfahrten__Schiffsbewertungen_und_Deckplan.jpg","type":"","width":"","height":""}],"twitter_card":"summary_large_image","twitter_misc":{"Gesch\u00e4tzte Lesezeit":"2\u00a0Minuten"},"schema":{"@context":"https:\/\/schema.org","@graph":[{"@type":"WebPage","@id":"https:\/\/der-reiseshop.de\/index.php\/ncl-epic-info\/","url":"https:\/\/der-reiseshop.de\/index.php\/ncl-epic-info\/","name":"NCL Epic - Info - Dein-Schiff.de","isPartOf":{"@id":"https:\/\/der-reiseshop.de\/#website"},"primaryImageOfPage":{"@id":"https:\/\/der-reiseshop.de\/index.php\/ncl-epic-info\/#primaryimage"},"image":{"@id":"https:\/\/der-reiseshop.de\/index.php\/ncl-epic-info\/#primaryimage"},"thumbnailUrl":"https:\/\/der-reiseshop.de\/wp-content\/uploads\/2019\/10\/Mein_Schiff_Herz_Kreuzfahrten__Schiffsbewertungen_und_Deckplan.jpg","datePublished":"2021-07-06T08:35:58+00:00","breadcrumb":{"@id":"https:\/\/der-reiseshop.de\/index.php\/ncl-epic-info\/#breadcrumb"},"inLanguage":"de","potentialAction":[{"@type":"ReadAction","target":["https:\/\/der-reiseshop.de\/index.php\/ncl-epic-info\/"]}]},{"@type":"ImageObject","inLanguage":"de","@id":"https:\/\/der-reiseshop.de\/index.php\/ncl-epic-info\/#primaryimage","url":"https:\/\/der-reiseshop.de\/wp-content\/uploads\/2019\/10\/Mein_Schiff_Herz_Kreuzfahrten__Schiffsbewertungen_und_Deckplan.jpg","contentUrl":"https:\/\/der-reiseshop.de\/wp-content\/uploads\/2019\/10\/Mein_Schiff_Herz_Kreuzfahrten__Schiffsbewertungen_und_Deckplan.jpg","width":716,"height":376},{"@type":"BreadcrumbList","@id":"https:\/\/der-reiseshop.de\/index.php\/ncl-epic-info\/#breadcrumb","itemListElement":[{"@type":"ListItem","position":1,"name":"Startseite","item":"https:\/\/der-reiseshop.de\/"},{"@type":"ListItem","position":2,"name":"NCL Epic &#8211; Info &#8211;"}]},{"@type":"WebSite","@id":"https:\/\/der-reiseshop.de\/#website","url":"https:\/\/der-reiseshop.de\/","name":"Dein-Schiff.de","description":"","publisher":{"@id":"https:\/\/der-reiseshop.de\/#organization"},"potentialAction":[{"@type":"SearchAction","target":{"@type":"EntryPoint","urlTemplate":"https:\/\/der-reiseshop.de\/?s={search_term_string}"},"query-input":{"@type":"PropertyValueSpecification","valueRequired":true,"valueName":"search_term_string"}}],"inLanguage":"de"},{"@type":"Organization","@id":"https:\/\/der-reiseshop.de\/#organization","name":"Dein-Schiff.de","url":"https:\/\/der-reiseshop.de\/","logo":{"@type":"ImageObject","inLanguage":"de","@id":"https:\/\/der-reiseshop.de\/#\/schema\/logo\/image\/","url":"https:\/\/der-reiseshop.de\/wp-content\/uploads\/2022\/11\/Logo_print_mail.jpg","contentUrl":"https:\/\/der-reiseshop.de\/wp-content\/uploads\/2022\/11\/Logo_print_mail.jpg","width":282,"height":139,"caption":"Dein-Schiff.de"},"image":{"@id":"https:\/\/der-reiseshop.de\/#\/schema\/logo\/image\/"}}]}},"_links":{"self":[{"href":"https:\/\/der-reiseshop.de\/index.php\/wp-json\/wp\/v2\/pages\/18505","targetHints":{"allow":["GET"]}}],"collection":[{"href":"https:\/\/der-reiseshop.de\/index.php\/wp-json\/wp\/v2\/pages"}],"about":[{"href":"https:\/\/der-reiseshop.de\/index.php\/wp-json\/wp\/v2\/types\/page"}],"author":[{"embeddable":true,"href":"https:\/\/der-reiseshop.de\/index.php\/wp-json\/wp\/v2\/users\/4"}],"replies":[{"embeddable":true,"href":"https:\/\/der-reiseshop.de\/index.php\/wp-json\/wp\/v2\/comments?post=18505"}],"version-history":[{"count":1,"href":"https:\/\/der-reiseshop.de\/index.php\/wp-json\/wp\/v2\/pages\/18505\/revisions"}],"predecessor-version":[{"id":18506,"href":"https:\/\/der-reiseshop.de\/index.php\/wp-json\/wp\/v2\/pages\/18505\/revisions\/18506"}],"wp:attachment":[{"href":"https:\/\/der-reiseshop.de\/index.php\/wp-json\/wp\/v2\/media?parent=18505"}],"curies":[{"name":"wp","href":"https:\/\/api.w.org\/{rel}","templated":true}]}}