{"id":19078,"date":"2021-09-13T10:33:12","date_gmt":"2021-09-13T08:33:12","guid":{"rendered":"https:\/\/der-reiseshop.de\/?page_id=19078"},"modified":"2022-02-20T17:25:38","modified_gmt":"2022-02-20T16:25:38","slug":"vaso-da-gama-info-singles","status":"publish","type":"page","link":"https:\/\/der-reiseshop.de\/index.php\/vaso-da-gama-info-singles\/","title":{"rendered":"Info-Vasco da Gama"},"content":{"rendered":"\n<div class=\"wp-block-group has-tertiary-background-color has-background is-layout-flow wp-block-group-is-layout-flow\">\n<figure class=\"wp-block-image\"><img decoding=\"async\" src=\"https:\/\/der-reiseshop.de\/wp-content\/uploads\/2021\/02\/VASCO-DA-GAMA_02-scaled.jpg\" alt=\"\" title=\"Vasco de Gama\"\/><\/figure>\n<\/div>\n\n\n\n<div class=\"wp-block-group has-tertiary-background-color has-background is-layout-flow wp-block-group-is-layout-flow\">\n<h3 class=\"has-text-align-center has-vivid-cyan-blue-color has-text-color wp-block-heading\" id=\"wir-waren-fur-euch-an-bord-unser-feedback\">Wir waren f\u00fcr euch an Bord &#8211; unser Feedback-<\/h3>\n<\/div>\n\n\n\n<div class=\"wp-block-group has-tertiary-background-color has-background is-layout-flow wp-block-group-is-layout-flow\">\n<p class=\"has-text-color\" style=\"color:#016097\">Die <strong>Vasco Da Gama<\/strong>, strahlt \u00fcberall an Bord noch echte &#8220;Schiff Atmosph\u00e4re aus&#8221; Das Teakholz und die Liebe zum Detail, die sich \u00fcberall an Bord findet, ist eine gelungene Kombination &nbsp;&#8220;stimmungsvoller Moderne&#8221;<\/p>\n\n\n\n<p class=\"has-text-color\" style=\"color:#0b70aa\">Die maximal Auslastung von 1000 Passagieren, bei 550 Crew Mitgliedern, garantiert einen aufmerksamen Service.<\/p>\n\n\n\n<p class=\"has-text-color\" style=\"color:#0b70aa\">Auch wenn Getr\u00e4nke nicht automatisch inkludiert sind, so gibt es den Tag \u00fcber im Club Bistro, stets Kaffee, Tee und Wasser kostenfrei. Aber selbst die Nebenkosten an Bord, sind absolut moderat. ( z.B. Bier 0,3 kostet 2,30 \u20ac )&nbsp;<\/p>\n\n\n\n<p class=\"has-text-color\" style=\"color:#026eac\">T\u00e4glich, empfehlen wir euch, das kostenfreien Kursangebot. Mit Trainer &#8220;Stefan&#8221; k\u00f6nnt ihr z.B. eure verspannte Nacken oder R\u00fcckenmuskulatur entlasten. Danach lohnt sich ein Besuch im Wellnessbereich zur perfekten Entspannung.&nbsp;<\/p>\n\n\n\n<p class=\"has-text-color\" style=\"color:#026eac\">Am Abend erwartet euch ein Entertainment Programm der Extraklasse.<\/p>\n\n\n\n<p class=\"has-text-color\" style=\"color:#026eac\">Professionelle Teams garantiert anspruchsvolle Abendunterhaltung.<\/p>\n\n\n\n<p class=\"has-text-color\" style=\"color:#026eac\"><strong>Unser Fazit<\/strong>: Wer es gern pers\u00f6nlich und ruhig mit viel Zeit f\u00fcr Ausfl\u00fcge in den H\u00e4fen sch\u00e4tzt, der ist bei <strong>Vasco da Gama,<\/strong> genau richtig.<\/p>\n\n\n\n<figure class=\"wp-block-image size-large is-resized\"><img fetchpriority=\"high\" decoding=\"async\" src=\"https:\/\/der-reiseshop.de\/wp-content\/uploads\/2021\/09\/nicko_cruises_vasco_da_gama_pool-1024x714.jpg\" alt=\"\" class=\"wp-image-19020\" width=\"600\" height=\"300\"\/><\/figure>\n\n\n\n<h3 class=\"has-vivid-cyan-blue-color has-text-color wp-block-heading\" id=\"allgemeine-informationen\"><strong>Allgemeine Informationen:<\/strong><\/h3>\n\n\n\n<p class=\"has-vivid-cyan-blue-color has-text-color\">Viel Komfort und geschmackvolles Design erwartet euch an Bord von VASCO DA GAMA. Mit einer Kapazit\u00e4t von ca. 1.000 Passagieren* bleibt viel Raum f\u00fcr Ihr individuelles Urlaubserlebnis. Im heutigen Kreuzfahrtmarkt gilt VASCO DA GAMA aufgrund der begrenzten Passagierkapazit\u00e4t als klein.<\/p>\n\n\n\n<p class=\"has-vivid-cyan-blue-color has-text-color\">Die sch\u00f6nen Teakholz-Decks verbreiten ihren klassischen Charme in perfekter Symbiose mit der elegant-modernen Anmutung des Schiffs. Mit 219 m L\u00e4nge und einem Volumen von 55.820 BRZ bietet das Schiff seinen G\u00e4sten auf 9 Passagierdecks jede Menge Raum zur pers\u00f6nlichen Entfaltung.<\/p>\n\n\n\n<h4 class=\"has-vivid-cyan-blue-color has-text-color wp-block-heading\" id=\"das-ist-fur-euch-drin\"><strong><span style=\"color: var(--tcb-skin-color-0);\">Das ist f\u00fcr euch drin:<\/span><\/strong><\/h4>\n\n\n\n<ul class=\"has-vivid-cyan-blue-color has-text-color wp-block-list\"><li><span style=\"color: var(--tcb-skin-color-0);\"><strong>Kreuzfahrt<\/strong><\/span>\n<ul>\n<li><span style=\"color: var(--tcb-skin-color-0);\">Kreuzfahrt in der gebuchten Kabinenkategorie<\/span><\/li>\n<li><span style=\"color: var(--tcb-skin-color-0);\">Deutschsprachiger Service an Bord<\/span><\/li>\n<li><span style=\"color: var(--tcb-skin-color-0);\">Komfortables Sennheiser Audio-System bei allen Ausfl\u00fcgen<\/span><\/li>\n<li><span style=\"color: var(--tcb-skin-color-0);\">Unterhaltungsprogramm und landeskundliche Vortr\u00e4ge an Bord<\/span><\/li>\n<li><span style=\"color: var(--tcb-skin-color-0);\">nicko cruises Kreuzfahrtleitung und deutschsprachige \u00f6rtliche Reiseleitung<\/span><\/li>\n<li><span style=\"color: var(--tcb-skin-color-0);\">Nutzung des Fitnessbereichs, der Swimmingpools, der Au\u00dfensportpl\u00e4tze und des Wellnessbereichs mit Sauna (Massage gegen Geb\u00fchr)<\/span><\/li>\n<li><span style=\"color: var(--tcb-skin-color-0);\">Kofferservice zwischen Anlegestelle und Kabine bei Ein- und Ausschiffung<\/span><\/li>\n<li><span style=\"color: var(--tcb-skin-color-0);\">Alle Hafen- und Passagiergeb\u00fchren<\/span><\/li>\n<li><span style=\"color: var(--tcb-skin-color-0);\">Kinderbetreuung und gro\u00dfer Kinderbereich \u00fcber zwei Decks mit Innen- und Au\u00dfenbereichen<\/span><\/li>\n<li><span style=\"color: var(--tcb-skin-color-0);\">Pers\u00f6nliche Reiseunterlagen<\/span><\/li>\n<\/ul>\n<\/li><li><span style=\"color: var(--tcb-skin-color-0);\"><strong>Verpflegung und Getr\u00e4nke<\/strong><\/span>\n<ul>\n<li><span style=\"color: var(--tcb-skin-color-0);\">Reichhaltiges Fr\u00fchst\u00fccksbuffet mit Kaffee \/ Tee und S\u00e4ften in verschiedenen Restaurants<\/span><\/li>\n<li><span style=\"color: var(--tcb-skin-color-0);\">Buffets, Show-Cooking oder am Tisch servierte \u00e0 la carte Men\u00fcs, je nach Restaurant&nbsp;<\/span><\/li>\n<li><span style=\"color: var(--tcb-skin-color-0);\">Flexible Essenszeiten mit freier Platzwahl<\/span><\/li>\n<li><span style=\"color: var(--tcb-skin-color-0);\">Kaffee und Kuchen je nach Tagesprogramm<\/span><\/li>\n<\/ul>\n<\/li><li><strong>Bei Buchung inklusive Fluganreise:<\/strong><\/li><li>Rail &amp; Fly 2.Klasse zum Flughafen innerhalb Deutschland<\/li><li>Flug ab\/bis gebuchten Flughafen (Umsteigeverbindung m\u00f6glich)<\/li><li>Transfer Flughafen &#8211; Hafen &#8211; Flughafen<\/li><\/ul>\n\n\n\n<figure class=\"wp-block-image is-resized\"><img decoding=\"async\" src=\"https:\/\/der-reiseshop.de\/wp-content\/uploads\/2021\/09\/nicko_cruises_vasco_da_gama_pool2.jpg\" alt=\"\" width=\"556\" height=\"336\" title=\"nicko_cruises_vasco_da_gama_pool2\"\/><\/figure>\n\n\n\n<p class=\"has-text-align-center has-vivid-cyan-blue-color has-text-color\"><strong>Highlights:<\/strong><\/p>\n\n\n\n<ul class=\"has-vivid-cyan-blue-color has-text-color wp-block-list\"><li style=\"text-align: center;\">&nbsp;Kabinen und Suiten von 16 bis 102 m\u00b2 Gr\u00f6\u00dfe,<\/li><li style=\"text-align: center;\">F\u00fcnf unterschiedlich designten Bars und Lounges,<\/li><li style=\"text-align: center;\">F\u00fcnf Restaurants,<\/li><li style=\"text-align: center;\">Einem edlen Wellness-Bereich mit Sauna und Dampfbad, und einem gro\u00dfen Fitness-Center, mit Sportfl\u00e4chen auf den Au\u00dfendecks<\/li><li style=\"text-align: center;\">Zwei Pools, davon einer mit Glasschiebedach.<\/li><li style=\"text-align: center;\">&nbsp;Show-Theater \u201eHollywood\u2019s\u201c \u00fcber zwei Decks bietet euch ein Show-Ensemble mit erstklassige Abendunterhaltung.<\/li><\/ul>\n\n\n\n<figure class=\"wp-block-image\"><img decoding=\"async\" src=\"https:\/\/der-reiseshop.de\/wp-content\/uploads\/2021\/09\/nicko_cruises_vasco_da_gama_restaurant.jpg\" alt=\"\" title=\"nicko_cruises_vasco_da_gama_restaurant\"\/><\/figure>\n<\/div>\n","protected":false},"excerpt":{"rendered":"<p>Wir waren f\u00fcr euch an Bord &#8211; unser Feedback- Die Vasco Da Gama, strahlt \u00fcberall an Bord noch echte &#8220;Schiff Atmosph\u00e4re aus&#8221; Das Teakholz und die Liebe zum Detail, die sich \u00fcberall an Bord findet, ist eine gelungene Kombination &nbsp;&#8220;stimmungsvoller Moderne&#8221; Die maximal Auslastung von 1000 Passagieren, bei 550 Crew Mitgliedern, garantiert einen aufmerksamen Service. [&hellip;]<\/p>\n","protected":false},"author":4,"featured_media":17145,"parent":0,"menu_order":0,"comment_status":"closed","ping_status":"closed","template":"","meta":{"_exactmetrics_skip_tracking":false,"_exactmetrics_sitenote_active":false,"_exactmetrics_sitenote_note":"","_exactmetrics_sitenote_category":0,"_kadence_starter_templates_imported_post":false,"footnotes":""},"class_list":["post-19078","page","type-page","status-publish","has-post-thumbnail","hentry"],"yoast_head":"<!-- This site is optimized with the Yoast SEO plugin v27.2 - https:\/\/yoast.com\/product\/yoast-seo-wordpress\/ -->\n<title>Info-Vasco da Gama - Dein-Schiff.de<\/title>\n<meta name=\"robots\" content=\"index, follow, max-snippet:-1, max-image-preview:large, max-video-preview:-1\" \/>\n<link rel=\"canonical\" href=\"https:\/\/der-reiseshop.de\/index.php\/vaso-da-gama-info-singles\/\" \/>\n<meta property=\"og:locale\" content=\"de_DE\" \/>\n<meta property=\"og:type\" content=\"article\" \/>\n<meta property=\"og:title\" content=\"Info-Vasco da Gama - Dein-Schiff.de\" \/>\n<meta property=\"og:description\" content=\"Wir waren f\u00fcr euch an Bord &#8211; unser Feedback- Die Vasco Da Gama, strahlt \u00fcberall an Bord noch echte &#8220;Schiff Atmosph\u00e4re aus&#8221; Das Teakholz und die Liebe zum Detail, die sich \u00fcberall an Bord findet, ist eine gelungene Kombination &nbsp;&#8220;stimmungsvoller Moderne&#8221; Die maximal Auslastung von 1000 Passagieren, bei 550 Crew Mitgliedern, garantiert einen aufmerksamen Service. [&hellip;]\" \/>\n<meta property=\"og:url\" content=\"https:\/\/der-reiseshop.de\/index.php\/vaso-da-gama-info-singles\/\" \/>\n<meta property=\"og:site_name\" content=\"Dein-Schiff.de\" \/>\n<meta property=\"article:modified_time\" content=\"2022-02-20T16:25:38+00:00\" \/>\n<meta property=\"og:image\" content=\"https:\/\/der-reiseshop.de\/wp-content\/uploads\/2021\/03\/VASCO-DA-GAMA_Olden_01-scaled.jpg\" \/>\n\t<meta property=\"og:image:width\" content=\"2560\" \/>\n\t<meta property=\"og:image:height\" content=\"1707\" \/>\n\t<meta property=\"og:image:type\" content=\"image\/jpeg\" \/>\n<meta name=\"twitter:card\" content=\"summary_large_image\" \/>\n<meta name=\"twitter:label1\" content=\"Gesch\u00e4tzte Lesezeit\" \/>\n\t<meta name=\"twitter:data1\" content=\"4\u00a0Minuten\" \/>\n<script type=\"application\/ld+json\" class=\"yoast-schema-graph\">{\"@context\":\"https:\/\/schema.org\",\"@graph\":[{\"@type\":\"WebPage\",\"@id\":\"https:\/\/der-reiseshop.de\/index.php\/vaso-da-gama-info-singles\/\",\"url\":\"https:\/\/der-reiseshop.de\/index.php\/vaso-da-gama-info-singles\/\",\"name\":\"Info-Vasco da Gama - Dein-Schiff.de\",\"isPartOf\":{\"@id\":\"https:\/\/der-reiseshop.de\/#website\"},\"primaryImageOfPage\":{\"@id\":\"https:\/\/der-reiseshop.de\/index.php\/vaso-da-gama-info-singles\/#primaryimage\"},\"image\":{\"@id\":\"https:\/\/der-reiseshop.de\/index.php\/vaso-da-gama-info-singles\/#primaryimage\"},\"thumbnailUrl\":\"https:\/\/der-reiseshop.de\/wp-content\/uploads\/2021\/03\/VASCO-DA-GAMA_Olden_01-scaled.jpg\",\"datePublished\":\"2021-09-13T08:33:12+00:00\",\"dateModified\":\"2022-02-20T16:25:38+00:00\",\"breadcrumb\":{\"@id\":\"https:\/\/der-reiseshop.de\/index.php\/vaso-da-gama-info-singles\/#breadcrumb\"},\"inLanguage\":\"de\",\"potentialAction\":[{\"@type\":\"ReadAction\",\"target\":[\"https:\/\/der-reiseshop.de\/index.php\/vaso-da-gama-info-singles\/\"]}]},{\"@type\":\"ImageObject\",\"inLanguage\":\"de\",\"@id\":\"https:\/\/der-reiseshop.de\/index.php\/vaso-da-gama-info-singles\/#primaryimage\",\"url\":\"https:\/\/der-reiseshop.de\/wp-content\/uploads\/2021\/03\/VASCO-DA-GAMA_Olden_01-scaled.jpg\",\"contentUrl\":\"https:\/\/der-reiseshop.de\/wp-content\/uploads\/2021\/03\/VASCO-DA-GAMA_Olden_01-scaled.jpg\",\"width\":1600,\"height\":1067},{\"@type\":\"BreadcrumbList\",\"@id\":\"https:\/\/der-reiseshop.de\/index.php\/vaso-da-gama-info-singles\/#breadcrumb\",\"itemListElement\":[{\"@type\":\"ListItem\",\"position\":1,\"name\":\"Startseite\",\"item\":\"https:\/\/der-reiseshop.de\/\"},{\"@type\":\"ListItem\",\"position\":2,\"name\":\"Info-Vasco da Gama\"}]},{\"@type\":\"WebSite\",\"@id\":\"https:\/\/der-reiseshop.de\/#website\",\"url\":\"https:\/\/der-reiseshop.de\/\",\"name\":\"Dein-Schiff.de\",\"description\":\"\",\"publisher\":{\"@id\":\"https:\/\/der-reiseshop.de\/#organization\"},\"potentialAction\":[{\"@type\":\"SearchAction\",\"target\":{\"@type\":\"EntryPoint\",\"urlTemplate\":\"https:\/\/der-reiseshop.de\/?s={search_term_string}\"},\"query-input\":{\"@type\":\"PropertyValueSpecification\",\"valueRequired\":true,\"valueName\":\"search_term_string\"}}],\"inLanguage\":\"de\"},{\"@type\":\"Organization\",\"@id\":\"https:\/\/der-reiseshop.de\/#organization\",\"name\":\"Dein-Schiff.de\",\"url\":\"https:\/\/der-reiseshop.de\/\",\"logo\":{\"@type\":\"ImageObject\",\"inLanguage\":\"de\",\"@id\":\"https:\/\/der-reiseshop.de\/#\/schema\/logo\/image\/\",\"url\":\"https:\/\/der-reiseshop.de\/wp-content\/uploads\/2022\/11\/Logo_print_mail.jpg\",\"contentUrl\":\"https:\/\/der-reiseshop.de\/wp-content\/uploads\/2022\/11\/Logo_print_mail.jpg\",\"width\":282,\"height\":139,\"caption\":\"Dein-Schiff.de\"},\"image\":{\"@id\":\"https:\/\/der-reiseshop.de\/#\/schema\/logo\/image\/\"}}]}<\/script>\n<!-- \/ Yoast SEO plugin. -->","yoast_head_json":{"title":"Info-Vasco da Gama - Dein-Schiff.de","robots":{"index":"index","follow":"follow","max-snippet":"max-snippet:-1","max-image-preview":"max-image-preview:large","max-video-preview":"max-video-preview:-1"},"canonical":"https:\/\/der-reiseshop.de\/index.php\/vaso-da-gama-info-singles\/","og_locale":"de_DE","og_type":"article","og_title":"Info-Vasco da Gama - Dein-Schiff.de","og_description":"Wir waren f\u00fcr euch an Bord &#8211; unser Feedback- Die Vasco Da Gama, strahlt \u00fcberall an Bord noch echte &#8220;Schiff Atmosph\u00e4re aus&#8221; Das Teakholz und die Liebe zum Detail, die sich \u00fcberall an Bord findet, ist eine gelungene Kombination &nbsp;&#8220;stimmungsvoller Moderne&#8221; Die maximal Auslastung von 1000 Passagieren, bei 550 Crew Mitgliedern, garantiert einen aufmerksamen Service. [&hellip;]","og_url":"https:\/\/der-reiseshop.de\/index.php\/vaso-da-gama-info-singles\/","og_site_name":"Dein-Schiff.de","article_modified_time":"2022-02-20T16:25:38+00:00","og_image":[{"width":2560,"height":1707,"url":"https:\/\/der-reiseshop.de\/wp-content\/uploads\/2021\/03\/VASCO-DA-GAMA_Olden_01-scaled.jpg","type":"image\/jpeg"}],"twitter_card":"summary_large_image","twitter_misc":{"Gesch\u00e4tzte Lesezeit":"4\u00a0Minuten"},"schema":{"@context":"https:\/\/schema.org","@graph":[{"@type":"WebPage","@id":"https:\/\/der-reiseshop.de\/index.php\/vaso-da-gama-info-singles\/","url":"https:\/\/der-reiseshop.de\/index.php\/vaso-da-gama-info-singles\/","name":"Info-Vasco da Gama - Dein-Schiff.de","isPartOf":{"@id":"https:\/\/der-reiseshop.de\/#website"},"primaryImageOfPage":{"@id":"https:\/\/der-reiseshop.de\/index.php\/vaso-da-gama-info-singles\/#primaryimage"},"image":{"@id":"https:\/\/der-reiseshop.de\/index.php\/vaso-da-gama-info-singles\/#primaryimage"},"thumbnailUrl":"https:\/\/der-reiseshop.de\/wp-content\/uploads\/2021\/03\/VASCO-DA-GAMA_Olden_01-scaled.jpg","datePublished":"2021-09-13T08:33:12+00:00","dateModified":"2022-02-20T16:25:38+00:00","breadcrumb":{"@id":"https:\/\/der-reiseshop.de\/index.php\/vaso-da-gama-info-singles\/#breadcrumb"},"inLanguage":"de","potentialAction":[{"@type":"ReadAction","target":["https:\/\/der-reiseshop.de\/index.php\/vaso-da-gama-info-singles\/"]}]},{"@type":"ImageObject","inLanguage":"de","@id":"https:\/\/der-reiseshop.de\/index.php\/vaso-da-gama-info-singles\/#primaryimage","url":"https:\/\/der-reiseshop.de\/wp-content\/uploads\/2021\/03\/VASCO-DA-GAMA_Olden_01-scaled.jpg","contentUrl":"https:\/\/der-reiseshop.de\/wp-content\/uploads\/2021\/03\/VASCO-DA-GAMA_Olden_01-scaled.jpg","width":1600,"height":1067},{"@type":"BreadcrumbList","@id":"https:\/\/der-reiseshop.de\/index.php\/vaso-da-gama-info-singles\/#breadcrumb","itemListElement":[{"@type":"ListItem","position":1,"name":"Startseite","item":"https:\/\/der-reiseshop.de\/"},{"@type":"ListItem","position":2,"name":"Info-Vasco da Gama"}]},{"@type":"WebSite","@id":"https:\/\/der-reiseshop.de\/#website","url":"https:\/\/der-reiseshop.de\/","name":"Dein-Schiff.de","description":"","publisher":{"@id":"https:\/\/der-reiseshop.de\/#organization"},"potentialAction":[{"@type":"SearchAction","target":{"@type":"EntryPoint","urlTemplate":"https:\/\/der-reiseshop.de\/?s={search_term_string}"},"query-input":{"@type":"PropertyValueSpecification","valueRequired":true,"valueName":"search_term_string"}}],"inLanguage":"de"},{"@type":"Organization","@id":"https:\/\/der-reiseshop.de\/#organization","name":"Dein-Schiff.de","url":"https:\/\/der-reiseshop.de\/","logo":{"@type":"ImageObject","inLanguage":"de","@id":"https:\/\/der-reiseshop.de\/#\/schema\/logo\/image\/","url":"https:\/\/der-reiseshop.de\/wp-content\/uploads\/2022\/11\/Logo_print_mail.jpg","contentUrl":"https:\/\/der-reiseshop.de\/wp-content\/uploads\/2022\/11\/Logo_print_mail.jpg","width":282,"height":139,"caption":"Dein-Schiff.de"},"image":{"@id":"https:\/\/der-reiseshop.de\/#\/schema\/logo\/image\/"}}]}},"_links":{"self":[{"href":"https:\/\/der-reiseshop.de\/index.php\/wp-json\/wp\/v2\/pages\/19078","targetHints":{"allow":["GET"]}}],"collection":[{"href":"https:\/\/der-reiseshop.de\/index.php\/wp-json\/wp\/v2\/pages"}],"about":[{"href":"https:\/\/der-reiseshop.de\/index.php\/wp-json\/wp\/v2\/types\/page"}],"author":[{"embeddable":true,"href":"https:\/\/der-reiseshop.de\/index.php\/wp-json\/wp\/v2\/users\/4"}],"replies":[{"embeddable":true,"href":"https:\/\/der-reiseshop.de\/index.php\/wp-json\/wp\/v2\/comments?post=19078"}],"version-history":[{"count":15,"href":"https:\/\/der-reiseshop.de\/index.php\/wp-json\/wp\/v2\/pages\/19078\/revisions"}],"predecessor-version":[{"id":20551,"href":"https:\/\/der-reiseshop.de\/index.php\/wp-json\/wp\/v2\/pages\/19078\/revisions\/20551"}],"wp:featuredmedia":[{"embeddable":true,"href":"https:\/\/der-reiseshop.de\/index.php\/wp-json\/wp\/v2\/media\/17145"}],"wp:attachment":[{"href":"https:\/\/der-reiseshop.de\/index.php\/wp-json\/wp\/v2\/media?parent=19078"}],"curies":[{"name":"wp","href":"https:\/\/api.w.org\/{rel}","templated":true}]}}