{"id":20337,"date":"2021-09-11T19:57:51","date_gmt":"2021-09-11T17:57:51","guid":{"rendered":"https:\/\/der-reiseshop.de\/?page_id=19016"},"modified":"2021-09-11T19:57:51","modified_gmt":"2021-09-11T17:57:51","slug":"vasco-da-gama-info-2","status":"publish","type":"page","link":"https:\/\/der-reiseshop.de\/index.php\/vasco-da-gama-info-2\/","title":{"rendered":"Vasco da Gama -Info-"},"content":{"rendered":"<p><span style=\"\"><img loading=\"lazy\" decoding=\"async\" alt=\"\" data-id=\"17107\" width=\"261\" data-init-width=\"2560\" height=\"174\" data-init-height=\"1707\" title=\"Vasco de Gama\" src=\"http:\/\/wartung.der-reiseshop.de\/wp-content\/uploads\/2021\/02\/VASCO-DA-GAMA_02-scaled-1.jpg\" data-width=\"261\" data-height=\"174\" style=\"\" mt-d=\"0\" center-v-d=\"false\" ml-d=\"-60.796875\" loading=\"lazy\"><span style=\"\"><\/span><\/span><\/p>\n<h3 style=\"\">Wir waren f\u00fcr euch an Bord &#8211; unser Feedback-<\/h3>\n<p style=\"\">Die <strong>Vasco Da Gama<\/strong>, strahlt \u00fcberall an Bord noch echte &#8220;Schiff Atmosph\u00e4re aus&#8221; Das Teakholz und die Liebe zum Detail, die sich \u00fcberall an Bord findet, ist eine gelungene Kombination &nbsp;&#8220;stimmungsvoller Moderne&#8221;<\/p>\n<p style=\"\">Die maximal Auslastung von 1000 Passagieren, bei 550 Crew Mitgliedern, garantiert einen aufmerksamen Service. <\/p>\n<p style=\"\">Auch wenn Getr\u00e4nke nicht automatisch inkludiert sind, so gibt es den Tag \u00fcber im Club Bistro, stets Kaffee, Tee und Wasser kostenfrei. Aber selbst die Nebenkosten an Bord, sind absolut moderat. ( z.B. Bier 0,3 kostet 2,30 \u20ac )&nbsp;<\/p>\n<p style=\"\">T\u00e4glich, empfehlen wir euch, das kostenfreien Kursangebot. Mit Trainer &#8220;Stefan&#8221; k\u00f6nnt ihr z.B. eure verspannte Nacken oder R\u00fcckenmuskulatur entlasten. Danach lohnt sich ein Besuch im Wellnessbereich zur perfekten Entspannung.&nbsp;<\/p>\n<p style=\"\">Am Abend erwartet euch ein Entertainment Programm der Extraklasse.<\/p>\n<p style=\"\">Professionelle Teams garantiert anspruchsvolle Abendunterhaltung.<\/p>\n<p style=\"\"><strong>Unser Fazit<\/strong>: Wer es gern pers\u00f6nlich und ruhig mit viel Zeit f\u00fcr Ausfl\u00fcge in den H\u00e4fen sch\u00e4tzt, der ist bei <strong>Vasco da Gama,<\/strong> genau richtig.<\/p>\n<p><span><img loading=\"lazy\" decoding=\"async\" alt=\"\" data-id=\"19020\" width=\"700\" data-init-width=\"1136\" height=\"488\" data-init-height=\"792\" title=\"nicko_cruises_vasco_da_gama_pool\" src=\"http:\/\/wartung.der-reiseshop.de\/wp-content\/uploads\/2021\/09\/nicko_cruises_vasco_da_gama_pool.jpg\" data-width=\"700\" data-height=\"488\" loading=\"lazy\"><\/span>[tcb_logo href=&#8217;https:\/\/der-reiseshop.de&#8217; data-id-d=&#8217;0&#8242; data-css=&#8217;tve-u-17a1fb6af21&#8242; data-img-style=&#8217;width: 100%;&#8217; class=&#8217;dynamic-group-kbjp1vpj&#8217; data-alt=&#8221;]<\/p>\n<h3 style=\"\"><strong>Allgemeine Informationen:<\/strong><\/h3>\n<p style=\"color: var(--tcb-skin-color-0)  !important; --tcb-applied-color:  var$(--tcb-skin-color-0)  !important;\">Viel Komfort und geschmackvolles Design erwartet euch an Bord von VASCO DA GAMA. Mit einer Kapazit\u00e4t von ca. 1.000 Passagieren* bleibt viel Raum f\u00fcr Ihr individuelles Urlaubserlebnis. Im heutigen Kreuzfahrtmarkt gilt VASCO DA GAMA aufgrund der begrenzten Passagierkapazit\u00e4t als klein.<\/p>\n<p style=\"color: var(--tcb-skin-color-0)  !important; --tcb-applied-color:  var$(--tcb-skin-color-0)  !important;\">Die sch\u00f6nen Teakholz-Decks verbreiten ihren klassischen Charme in perfekter Symbiose mit der elegant-modernen Anmutung des Schiffs. Mit 219 m L\u00e4nge und einem Volumen von 55.820 BRZ bietet das Schiff seinen G\u00e4sten auf 9 Passagierdecks jede Menge Raum zur pers\u00f6nlichen Entfaltung.<\/p>\n<p><span><img loading=\"lazy\" decoding=\"async\" alt=\"\" data-id=\"19021\" width=\"610\" data-init-width=\"1111\" height=\"368\" data-init-height=\"671\" title=\"nicko_cruises_vasco_da_gama_pool2\" src=\"http:\/\/wartung.der-reiseshop.de\/wp-content\/uploads\/2021\/09\/nicko_cruises_vasco_da_gama_pool2.jpg\" data-width=\"610\" data-height=\"368\" loading=\"lazy\"><\/span><\/p>\n<p style=\"text-align: center;\"><strong>Highlights:<\/strong><\/p>\n<ul>\n<li style=\"text-align: center;\">&nbsp;Kabinen und Suiten von 16 bis 102 m\u00b2 Gr\u00f6\u00dfe,<\/li>\n<li style=\"text-align: center;\">F\u00fcnf unterschiedlich designten Bars und Lounges,<\/li>\n<li style=\"text-align: center;\">F\u00fcnf Restaurants,<\/li>\n<li style=\"text-align: center;\">Einem edlen Wellness-Bereich mit Sauna und Dampfbad, und einem gro\u00dfen Fitness-Center, mit Sportfl\u00e4chen auf den Au\u00dfendecks<\/li>\n<li style=\"text-align: center;\">Zwei Pools, davon einer mit Glasschiebedach.<\/li>\n<li style=\"text-align: center;\">&nbsp;Show-Theater \u201eHollywood\u2019s\u201c \u00fcber zwei Decks bietet euch ein Show-Ensemble mit erstklassige Abendunterhaltung.<\/li>\n<\/ul>\n<p><span><img loading=\"lazy\" decoding=\"async\" alt=\"\" data-id=\"19022\" width=\"610\" data-init-width=\"1045\" height=\"428\" data-init-height=\"733\" title=\"nicko_cruises_vasco_da_gama_restaurant\" src=\"http:\/\/wartung.der-reiseshop.de\/wp-content\/uploads\/2021\/09\/nicko_cruises_vasco_da_gama_restaurant.jpg\" data-width=\"610\" data-height=\"428\" loading=\"lazy\"><\/span><\/p>\n","protected":false},"excerpt":{"rendered":"<p>Wir waren f\u00fcr euch an Bord &#8211; unser Feedback- Die Vasco Da Gama, strahlt \u00fcberall an Bord noch echte &#8220;Schiff Atmosph\u00e4re aus&#8221; Das Teakholz und die Liebe zum Detail, die sich \u00fcberall an Bord findet, ist eine gelungene Kombination &nbsp;&#8220;stimmungsvoller Moderne&#8221; Die maximal Auslastung von 1000 Passagieren, bei 550 Crew Mitgliedern, garantiert einen aufmerksamen Service. [&hellip;]<\/p>\n","protected":false},"author":4,"featured_media":17145,"parent":0,"menu_order":0,"comment_status":"closed","ping_status":"closed","template":"","meta":{"_exactmetrics_skip_tracking":false,"_exactmetrics_sitenote_active":false,"_exactmetrics_sitenote_note":"","_exactmetrics_sitenote_category":0,"_kadence_starter_templates_imported_post":false,"footnotes":""},"class_list":["post-20337","page","type-page","status-publish","has-post-thumbnail","hentry"],"yoast_head":"<!-- This site is optimized with the Yoast SEO plugin v27.2 - https:\/\/yoast.com\/product\/yoast-seo-wordpress\/ -->\n<title>Vasco da Gama -Info- Dein-Schiff.de<\/title>\n<meta name=\"robots\" content=\"index, follow, max-snippet:-1, max-image-preview:large, max-video-preview:-1\" \/>\n<link rel=\"canonical\" href=\"https:\/\/der-reiseshop.de\/index.php\/vasco-da-gama-info-2\/\" \/>\n<meta property=\"og:locale\" content=\"de_DE\" \/>\n<meta property=\"og:type\" content=\"article\" \/>\n<meta property=\"og:title\" content=\"Vasco da Gama -Info- Dein-Schiff.de\" \/>\n<meta property=\"og:description\" content=\"Wir waren f\u00fcr euch an Bord &#8211; unser Feedback- Die Vasco Da Gama, strahlt \u00fcberall an Bord noch echte &#8220;Schiff Atmosph\u00e4re aus&#8221; Das Teakholz und die Liebe zum Detail, die sich \u00fcberall an Bord findet, ist eine gelungene Kombination &nbsp;&#8220;stimmungsvoller Moderne&#8221; Die maximal Auslastung von 1000 Passagieren, bei 550 Crew Mitgliedern, garantiert einen aufmerksamen Service. [&hellip;]\" \/>\n<meta property=\"og:url\" content=\"https:\/\/der-reiseshop.de\/index.php\/vasco-da-gama-info-2\/\" \/>\n<meta property=\"og:site_name\" content=\"Dein-Schiff.de\" \/>\n<meta property=\"og:image\" content=\"https:\/\/der-reiseshop.de\/wp-content\/uploads\/2021\/03\/VASCO-DA-GAMA_Olden_01-scaled.jpg\" \/>\n\t<meta property=\"og:image:width\" content=\"2560\" \/>\n\t<meta property=\"og:image:height\" content=\"1707\" \/>\n\t<meta property=\"og:image:type\" content=\"image\/jpeg\" \/>\n<meta name=\"twitter:card\" content=\"summary_large_image\" \/>\n<meta name=\"twitter:label1\" content=\"Gesch\u00e4tzte Lesezeit\" \/>\n\t<meta name=\"twitter:data1\" content=\"2\u00a0Minuten\" \/>\n<script type=\"application\/ld+json\" class=\"yoast-schema-graph\">{\"@context\":\"https:\/\/schema.org\",\"@graph\":[{\"@type\":\"WebPage\",\"@id\":\"https:\/\/der-reiseshop.de\/index.php\/vasco-da-gama-info-2\/\",\"url\":\"https:\/\/der-reiseshop.de\/index.php\/vasco-da-gama-info-2\/\",\"name\":\"Vasco da Gama -Info- Dein-Schiff.de\",\"isPartOf\":{\"@id\":\"https:\/\/der-reiseshop.de\/#website\"},\"primaryImageOfPage\":{\"@id\":\"https:\/\/der-reiseshop.de\/index.php\/vasco-da-gama-info-2\/#primaryimage\"},\"image\":{\"@id\":\"https:\/\/der-reiseshop.de\/index.php\/vasco-da-gama-info-2\/#primaryimage\"},\"thumbnailUrl\":\"https:\/\/der-reiseshop.de\/wp-content\/uploads\/2021\/03\/VASCO-DA-GAMA_Olden_01-scaled.jpg\",\"datePublished\":\"2021-09-11T17:57:51+00:00\",\"breadcrumb\":{\"@id\":\"https:\/\/der-reiseshop.de\/index.php\/vasco-da-gama-info-2\/#breadcrumb\"},\"inLanguage\":\"de\",\"potentialAction\":[{\"@type\":\"ReadAction\",\"target\":[\"https:\/\/der-reiseshop.de\/index.php\/vasco-da-gama-info-2\/\"]}]},{\"@type\":\"ImageObject\",\"inLanguage\":\"de\",\"@id\":\"https:\/\/der-reiseshop.de\/index.php\/vasco-da-gama-info-2\/#primaryimage\",\"url\":\"https:\/\/der-reiseshop.de\/wp-content\/uploads\/2021\/03\/VASCO-DA-GAMA_Olden_01-scaled.jpg\",\"contentUrl\":\"https:\/\/der-reiseshop.de\/wp-content\/uploads\/2021\/03\/VASCO-DA-GAMA_Olden_01-scaled.jpg\",\"width\":1600,\"height\":1067},{\"@type\":\"BreadcrumbList\",\"@id\":\"https:\/\/der-reiseshop.de\/index.php\/vasco-da-gama-info-2\/#breadcrumb\",\"itemListElement\":[{\"@type\":\"ListItem\",\"position\":1,\"name\":\"Startseite\",\"item\":\"https:\/\/der-reiseshop.de\/\"},{\"@type\":\"ListItem\",\"position\":2,\"name\":\"Vasco da Gama -Info-\"}]},{\"@type\":\"WebSite\",\"@id\":\"https:\/\/der-reiseshop.de\/#website\",\"url\":\"https:\/\/der-reiseshop.de\/\",\"name\":\"Dein-Schiff.de\",\"description\":\"\",\"publisher\":{\"@id\":\"https:\/\/der-reiseshop.de\/#organization\"},\"potentialAction\":[{\"@type\":\"SearchAction\",\"target\":{\"@type\":\"EntryPoint\",\"urlTemplate\":\"https:\/\/der-reiseshop.de\/?s={search_term_string}\"},\"query-input\":{\"@type\":\"PropertyValueSpecification\",\"valueRequired\":true,\"valueName\":\"search_term_string\"}}],\"inLanguage\":\"de\"},{\"@type\":\"Organization\",\"@id\":\"https:\/\/der-reiseshop.de\/#organization\",\"name\":\"Dein-Schiff.de\",\"url\":\"https:\/\/der-reiseshop.de\/\",\"logo\":{\"@type\":\"ImageObject\",\"inLanguage\":\"de\",\"@id\":\"https:\/\/der-reiseshop.de\/#\/schema\/logo\/image\/\",\"url\":\"https:\/\/der-reiseshop.de\/wp-content\/uploads\/2022\/11\/Logo_print_mail.jpg\",\"contentUrl\":\"https:\/\/der-reiseshop.de\/wp-content\/uploads\/2022\/11\/Logo_print_mail.jpg\",\"width\":282,\"height\":139,\"caption\":\"Dein-Schiff.de\"},\"image\":{\"@id\":\"https:\/\/der-reiseshop.de\/#\/schema\/logo\/image\/\"}}]}<\/script>\n<!-- \/ Yoast SEO plugin. -->","yoast_head_json":{"title":"Vasco da Gama -Info- Dein-Schiff.de","robots":{"index":"index","follow":"follow","max-snippet":"max-snippet:-1","max-image-preview":"max-image-preview:large","max-video-preview":"max-video-preview:-1"},"canonical":"https:\/\/der-reiseshop.de\/index.php\/vasco-da-gama-info-2\/","og_locale":"de_DE","og_type":"article","og_title":"Vasco da Gama -Info- Dein-Schiff.de","og_description":"Wir waren f\u00fcr euch an Bord &#8211; unser Feedback- Die Vasco Da Gama, strahlt \u00fcberall an Bord noch echte &#8220;Schiff Atmosph\u00e4re aus&#8221; Das Teakholz und die Liebe zum Detail, die sich \u00fcberall an Bord findet, ist eine gelungene Kombination &nbsp;&#8220;stimmungsvoller Moderne&#8221; Die maximal Auslastung von 1000 Passagieren, bei 550 Crew Mitgliedern, garantiert einen aufmerksamen Service. [&hellip;]","og_url":"https:\/\/der-reiseshop.de\/index.php\/vasco-da-gama-info-2\/","og_site_name":"Dein-Schiff.de","og_image":[{"width":2560,"height":1707,"url":"https:\/\/der-reiseshop.de\/wp-content\/uploads\/2021\/03\/VASCO-DA-GAMA_Olden_01-scaled.jpg","type":"image\/jpeg"}],"twitter_card":"summary_large_image","twitter_misc":{"Gesch\u00e4tzte Lesezeit":"2\u00a0Minuten"},"schema":{"@context":"https:\/\/schema.org","@graph":[{"@type":"WebPage","@id":"https:\/\/der-reiseshop.de\/index.php\/vasco-da-gama-info-2\/","url":"https:\/\/der-reiseshop.de\/index.php\/vasco-da-gama-info-2\/","name":"Vasco da Gama -Info- Dein-Schiff.de","isPartOf":{"@id":"https:\/\/der-reiseshop.de\/#website"},"primaryImageOfPage":{"@id":"https:\/\/der-reiseshop.de\/index.php\/vasco-da-gama-info-2\/#primaryimage"},"image":{"@id":"https:\/\/der-reiseshop.de\/index.php\/vasco-da-gama-info-2\/#primaryimage"},"thumbnailUrl":"https:\/\/der-reiseshop.de\/wp-content\/uploads\/2021\/03\/VASCO-DA-GAMA_Olden_01-scaled.jpg","datePublished":"2021-09-11T17:57:51+00:00","breadcrumb":{"@id":"https:\/\/der-reiseshop.de\/index.php\/vasco-da-gama-info-2\/#breadcrumb"},"inLanguage":"de","potentialAction":[{"@type":"ReadAction","target":["https:\/\/der-reiseshop.de\/index.php\/vasco-da-gama-info-2\/"]}]},{"@type":"ImageObject","inLanguage":"de","@id":"https:\/\/der-reiseshop.de\/index.php\/vasco-da-gama-info-2\/#primaryimage","url":"https:\/\/der-reiseshop.de\/wp-content\/uploads\/2021\/03\/VASCO-DA-GAMA_Olden_01-scaled.jpg","contentUrl":"https:\/\/der-reiseshop.de\/wp-content\/uploads\/2021\/03\/VASCO-DA-GAMA_Olden_01-scaled.jpg","width":1600,"height":1067},{"@type":"BreadcrumbList","@id":"https:\/\/der-reiseshop.de\/index.php\/vasco-da-gama-info-2\/#breadcrumb","itemListElement":[{"@type":"ListItem","position":1,"name":"Startseite","item":"https:\/\/der-reiseshop.de\/"},{"@type":"ListItem","position":2,"name":"Vasco da Gama -Info-"}]},{"@type":"WebSite","@id":"https:\/\/der-reiseshop.de\/#website","url":"https:\/\/der-reiseshop.de\/","name":"Dein-Schiff.de","description":"","publisher":{"@id":"https:\/\/der-reiseshop.de\/#organization"},"potentialAction":[{"@type":"SearchAction","target":{"@type":"EntryPoint","urlTemplate":"https:\/\/der-reiseshop.de\/?s={search_term_string}"},"query-input":{"@type":"PropertyValueSpecification","valueRequired":true,"valueName":"search_term_string"}}],"inLanguage":"de"},{"@type":"Organization","@id":"https:\/\/der-reiseshop.de\/#organization","name":"Dein-Schiff.de","url":"https:\/\/der-reiseshop.de\/","logo":{"@type":"ImageObject","inLanguage":"de","@id":"https:\/\/der-reiseshop.de\/#\/schema\/logo\/image\/","url":"https:\/\/der-reiseshop.de\/wp-content\/uploads\/2022\/11\/Logo_print_mail.jpg","contentUrl":"https:\/\/der-reiseshop.de\/wp-content\/uploads\/2022\/11\/Logo_print_mail.jpg","width":282,"height":139,"caption":"Dein-Schiff.de"},"image":{"@id":"https:\/\/der-reiseshop.de\/#\/schema\/logo\/image\/"}}]}},"_links":{"self":[{"href":"https:\/\/der-reiseshop.de\/index.php\/wp-json\/wp\/v2\/pages\/20337","targetHints":{"allow":["GET"]}}],"collection":[{"href":"https:\/\/der-reiseshop.de\/index.php\/wp-json\/wp\/v2\/pages"}],"about":[{"href":"https:\/\/der-reiseshop.de\/index.php\/wp-json\/wp\/v2\/types\/page"}],"author":[{"embeddable":true,"href":"https:\/\/der-reiseshop.de\/index.php\/wp-json\/wp\/v2\/users\/4"}],"replies":[{"embeddable":true,"href":"https:\/\/der-reiseshop.de\/index.php\/wp-json\/wp\/v2\/comments?post=20337"}],"version-history":[{"count":0,"href":"https:\/\/der-reiseshop.de\/index.php\/wp-json\/wp\/v2\/pages\/20337\/revisions"}],"wp:featuredmedia":[{"embeddable":true,"href":"https:\/\/der-reiseshop.de\/index.php\/wp-json\/wp\/v2\/media\/17145"}],"wp:attachment":[{"href":"https:\/\/der-reiseshop.de\/index.php\/wp-json\/wp\/v2\/media?parent=20337"}],"curies":[{"name":"wp","href":"https:\/\/api.w.org\/{rel}","templated":true}]}}