{"id":20338,"date":"2021-09-27T18:32:05","date_gmt":"2021-09-27T16:32:05","guid":{"rendered":"https:\/\/der-reiseshop.de\/?page_id=19160"},"modified":"2021-09-27T18:32:05","modified_gmt":"2021-09-27T16:32:05","slug":"msc-bellissima-info-2","status":"publish","type":"page","link":"https:\/\/der-reiseshop.de\/index.php\/msc-bellissima-info-2\/","title":{"rendered":"MSC Bellissima -Info-"},"content":{"rendered":"<p><span><img fetchpriority=\"high\" decoding=\"async\" alt=\"\" data-id=\"19162\" width=\"700\" data-init-width=\"2560\" height=\"450\" data-init-height=\"1646\" title=\"MSC Bellissima\" src=\"http:\/\/wartung.der-reiseshop.de\/wp-content\/uploads\/2021\/09\/MSC_Bellissima-scaled-1.jpg\" data-width=\"700\" data-height=\"450\"><\/span><\/p>\n<p>MSC Bellissima<\/p>\n<p>[tcb_logo href=&#8217;https:\/\/der-reiseshop.de&#8217; data-id-d=&#8217;0&#8242; data-css=&#8217;tve-u-17a1fb6af21&#8242; data-img-style=&#8217;width: 100%;&#8217; class=&#8217;dynamic-group-kbjp1vpj&#8217; data-alt=&#8221;]<\/p>\n<h3 style=\"\"><strong>Allgemeine Informationen:<\/strong><\/h3>\n<p style=\"\">Die&nbsp;<strong><span style=\"\">MSC Bellissima<\/span><\/strong> beeindruckt mit einer Vielzahl an Besonderheiten und Features.&nbsp;<\/p>\n<p style=\"\">Die&nbsp;<a href=\"https:\/\/www.mscbook.com\/shop\/TAPortalExternalView?storeId=10256&amp;catalogId=10001&amp;langId=-3&amp;taportalIframeKey=MENU_MSC_FOR_ME&amp;taportalTitleKey=MSC-HEADER_MENU-PRICING_PROMOTION-MSC_FOR_ME\" target=\"_blank\" style=\"outline: none;\" rel=\"noopener\"><strong>MSC for Me<\/strong><\/a> App verbindet dieG\u00e4ste stets mit ihren Mitreisenden und der Crew und erm\u00f6glicht euch einen unkomplizierten Aufenthalt an Bord.&nbsp;<\/p>\n<p style=\"\">Die Innenpromenade auf dem Schiff, die sich \u00fcber zwei Decks erstreckt, lockt mit einem eindrucksvollen 80 Meter langem LED-Himmel sowie mit zahlreichen Einkaufsm\u00f6glichkeiten, Bars und Restaurants. Am Abend verwandelt sich der Platz zu einer Partymeile mit jeder Menge Unterhaltungsangeboten.&nbsp;<\/p>\n<p style=\"\">Mit durchschnittlich ca. 10 m\u00b2 Platz f\u00fcr jeden Gast geh\u00f6rt der Poolbereich auf der MSC Bellissima zu einem der gr\u00f6\u00dften auf See.&nbsp;<\/p>\n<p style=\"\"><strong>Highlights:<\/strong><\/p>\n<p><strong><span style=\"color: var(--tcb-skin-color-0);\">\u2713<\/span><\/strong><span style=\"color: var(--tcb-skin-color-0);\">&nbsp;Drei abwechslungsreiche Poollandschaften zum Entspannen (Hauptpool, Innenpool und Achterdeck-Pool)<\/span><\/p>\n<p><span style=\"color: var(--tcb-skin-color-0);\"><strong>\u2713<\/strong>&nbsp;96 Meter lange Promenade mit Boutiquen, Restaurants, Entspannungsbereichen und einem 80 Meter langen LED-Himmel<\/span><\/p>\n<p><span style=\"color: var(--tcb-skin-color-0);\"><strong>\u2713<\/strong>&nbsp;Buffet- und \u00e1 la carte Restaurants mit Meerblick<\/span><\/p>\n<p><span style=\"color: var(--tcb-skin-color-0);\"><strong>\u2713<\/strong>&nbsp;MSC Yacht Club auf \u00fcber drei Decks, mit 78 luxuri\u00f6sen Suiten und 15 Innenkabinen sowie zwei Apartments<\/span><\/p>\n<p><span style=\"color: var(--tcb-skin-color-0);\"><strong>\u2713<\/strong>&nbsp;Gro\u00dfer Vergn\u00fcgungsbereich f\u00fcr Familien mit DOREMI Tech Lab, Wasserparks und Abenteuerspielpl\u00e4tzen<\/span><\/p>\n<p><span style=\"color: var(--tcb-skin-color-0);\"><strong>\u2713<\/strong> Kulinarische Vielfalt f\u00fcr Gourmets und Genie\u00dfer mit unterschiedlichen Spezialit\u00e4tenrestaurants wie dem Butcher\u00b4s Cut Steakhouse oder dem Kaito Sushi &amp; Teppanyaki Restaurant<\/span><\/p>\n","protected":false},"excerpt":{"rendered":"<p>MSC Bellissima [tcb_logo href=&#8217;https:\/\/der-reiseshop.de&#8217; data-id-d=&#8217;0&#8242; data-css=&#8217;tve-u-17a1fb6af21&#8242; data-img-style=&#8217;width: 100%;&#8217; class=&#8217;dynamic-group-kbjp1vpj&#8217; data-alt=&#8221;] Allgemeine Informationen: Die&nbsp;MSC Bellissima beeindruckt mit einer Vielzahl an Besonderheiten und Features.&nbsp; Die&nbsp;MSC for Me App verbindet dieG\u00e4ste stets mit ihren Mitreisenden und der Crew und erm\u00f6glicht euch einen unkomplizierten Aufenthalt an Bord.&nbsp; Die Innenpromenade auf dem Schiff, die sich \u00fcber zwei Decks erstreckt, lockt [&hellip;]<\/p>\n","protected":false},"author":4,"featured_media":0,"parent":0,"menu_order":0,"comment_status":"closed","ping_status":"closed","template":"","meta":{"_exactmetrics_skip_tracking":false,"_exactmetrics_sitenote_active":false,"_exactmetrics_sitenote_note":"","_exactmetrics_sitenote_category":0,"_kadence_starter_templates_imported_post":false,"footnotes":""},"class_list":["post-20338","page","type-page","status-publish","hentry"],"yoast_head":"<!-- This site is optimized with the Yoast SEO plugin v27.2 - https:\/\/yoast.com\/product\/yoast-seo-wordpress\/ -->\n<title>MSC Bellissima -Info- Dein-Schiff.de<\/title>\n<meta name=\"robots\" content=\"index, follow, max-snippet:-1, max-image-preview:large, max-video-preview:-1\" \/>\n<link rel=\"canonical\" href=\"https:\/\/der-reiseshop.de\/index.php\/msc-bellissima-info-2\/\" \/>\n<meta property=\"og:locale\" content=\"de_DE\" \/>\n<meta property=\"og:type\" content=\"article\" \/>\n<meta property=\"og:title\" content=\"MSC Bellissima -Info- Dein-Schiff.de\" \/>\n<meta property=\"og:description\" content=\"MSC Bellissima [tcb_logo href=&#8217;https:\/\/der-reiseshop.de&#8217; data-id-d=&#8217;0&#8242; data-css=&#8217;tve-u-17a1fb6af21&#8242; data-img-style=&#8217;width: 100%;&#8217; class=&#8217;dynamic-group-kbjp1vpj&#8217; data-alt=&#8221;] Allgemeine Informationen: Die&nbsp;MSC Bellissima beeindruckt mit einer Vielzahl an Besonderheiten und Features.&nbsp; Die&nbsp;MSC for Me App verbindet dieG\u00e4ste stets mit ihren Mitreisenden und der Crew und erm\u00f6glicht euch einen unkomplizierten Aufenthalt an Bord.&nbsp; Die Innenpromenade auf dem Schiff, die sich \u00fcber zwei Decks erstreckt, lockt [&hellip;]\" \/>\n<meta property=\"og:url\" content=\"https:\/\/der-reiseshop.de\/index.php\/msc-bellissima-info-2\/\" \/>\n<meta property=\"og:site_name\" content=\"Dein-Schiff.de\" \/>\n<meta property=\"og:image\" content=\"http:\/\/wartung.der-reiseshop.de\/wp-content\/uploads\/2021\/09\/MSC_Bellissima-scaled-1.jpg\" \/>\n<meta name=\"twitter:card\" content=\"summary_large_image\" \/>\n<meta name=\"twitter:label1\" content=\"Gesch\u00e4tzte Lesezeit\" \/>\n\t<meta name=\"twitter:data1\" content=\"2\u00a0Minuten\" \/>\n<script type=\"application\/ld+json\" class=\"yoast-schema-graph\">{\"@context\":\"https:\/\/schema.org\",\"@graph\":[{\"@type\":\"WebPage\",\"@id\":\"https:\/\/der-reiseshop.de\/index.php\/msc-bellissima-info-2\/\",\"url\":\"https:\/\/der-reiseshop.de\/index.php\/msc-bellissima-info-2\/\",\"name\":\"MSC Bellissima -Info- Dein-Schiff.de\",\"isPartOf\":{\"@id\":\"https:\/\/der-reiseshop.de\/#website\"},\"primaryImageOfPage\":{\"@id\":\"https:\/\/der-reiseshop.de\/index.php\/msc-bellissima-info-2\/#primaryimage\"},\"image\":{\"@id\":\"https:\/\/der-reiseshop.de\/index.php\/msc-bellissima-info-2\/#primaryimage\"},\"thumbnailUrl\":\"http:\/\/wartung.der-reiseshop.de\/wp-content\/uploads\/2021\/09\/MSC_Bellissima-scaled-1.jpg\",\"datePublished\":\"2021-09-27T16:32:05+00:00\",\"breadcrumb\":{\"@id\":\"https:\/\/der-reiseshop.de\/index.php\/msc-bellissima-info-2\/#breadcrumb\"},\"inLanguage\":\"de\",\"potentialAction\":[{\"@type\":\"ReadAction\",\"target\":[\"https:\/\/der-reiseshop.de\/index.php\/msc-bellissima-info-2\/\"]}]},{\"@type\":\"ImageObject\",\"inLanguage\":\"de\",\"@id\":\"https:\/\/der-reiseshop.de\/index.php\/msc-bellissima-info-2\/#primaryimage\",\"url\":\"http:\/\/wartung.der-reiseshop.de\/wp-content\/uploads\/2021\/09\/MSC_Bellissima-scaled-1.jpg\",\"contentUrl\":\"http:\/\/wartung.der-reiseshop.de\/wp-content\/uploads\/2021\/09\/MSC_Bellissima-scaled-1.jpg\"},{\"@type\":\"BreadcrumbList\",\"@id\":\"https:\/\/der-reiseshop.de\/index.php\/msc-bellissima-info-2\/#breadcrumb\",\"itemListElement\":[{\"@type\":\"ListItem\",\"position\":1,\"name\":\"Startseite\",\"item\":\"https:\/\/der-reiseshop.de\/\"},{\"@type\":\"ListItem\",\"position\":2,\"name\":\"MSC Bellissima -Info-\"}]},{\"@type\":\"WebSite\",\"@id\":\"https:\/\/der-reiseshop.de\/#website\",\"url\":\"https:\/\/der-reiseshop.de\/\",\"name\":\"Dein-Schiff.de\",\"description\":\"\",\"publisher\":{\"@id\":\"https:\/\/der-reiseshop.de\/#organization\"},\"potentialAction\":[{\"@type\":\"SearchAction\",\"target\":{\"@type\":\"EntryPoint\",\"urlTemplate\":\"https:\/\/der-reiseshop.de\/?s={search_term_string}\"},\"query-input\":{\"@type\":\"PropertyValueSpecification\",\"valueRequired\":true,\"valueName\":\"search_term_string\"}}],\"inLanguage\":\"de\"},{\"@type\":\"Organization\",\"@id\":\"https:\/\/der-reiseshop.de\/#organization\",\"name\":\"Dein-Schiff.de\",\"url\":\"https:\/\/der-reiseshop.de\/\",\"logo\":{\"@type\":\"ImageObject\",\"inLanguage\":\"de\",\"@id\":\"https:\/\/der-reiseshop.de\/#\/schema\/logo\/image\/\",\"url\":\"https:\/\/der-reiseshop.de\/wp-content\/uploads\/2022\/11\/Logo_print_mail.jpg\",\"contentUrl\":\"https:\/\/der-reiseshop.de\/wp-content\/uploads\/2022\/11\/Logo_print_mail.jpg\",\"width\":282,\"height\":139,\"caption\":\"Dein-Schiff.de\"},\"image\":{\"@id\":\"https:\/\/der-reiseshop.de\/#\/schema\/logo\/image\/\"}}]}<\/script>\n<!-- \/ Yoast SEO plugin. -->","yoast_head_json":{"title":"MSC Bellissima -Info- Dein-Schiff.de","robots":{"index":"index","follow":"follow","max-snippet":"max-snippet:-1","max-image-preview":"max-image-preview:large","max-video-preview":"max-video-preview:-1"},"canonical":"https:\/\/der-reiseshop.de\/index.php\/msc-bellissima-info-2\/","og_locale":"de_DE","og_type":"article","og_title":"MSC Bellissima -Info- Dein-Schiff.de","og_description":"MSC Bellissima [tcb_logo href=&#8217;https:\/\/der-reiseshop.de&#8217; data-id-d=&#8217;0&#8242; data-css=&#8217;tve-u-17a1fb6af21&#8242; data-img-style=&#8217;width: 100%;&#8217; class=&#8217;dynamic-group-kbjp1vpj&#8217; data-alt=&#8221;] Allgemeine Informationen: Die&nbsp;MSC Bellissima beeindruckt mit einer Vielzahl an Besonderheiten und Features.&nbsp; Die&nbsp;MSC for Me App verbindet dieG\u00e4ste stets mit ihren Mitreisenden und der Crew und erm\u00f6glicht euch einen unkomplizierten Aufenthalt an Bord.&nbsp; Die Innenpromenade auf dem Schiff, die sich \u00fcber zwei Decks erstreckt, lockt [&hellip;]","og_url":"https:\/\/der-reiseshop.de\/index.php\/msc-bellissima-info-2\/","og_site_name":"Dein-Schiff.de","og_image":[{"url":"http:\/\/wartung.der-reiseshop.de\/wp-content\/uploads\/2021\/09\/MSC_Bellissima-scaled-1.jpg","type":"","width":"","height":""}],"twitter_card":"summary_large_image","twitter_misc":{"Gesch\u00e4tzte Lesezeit":"2\u00a0Minuten"},"schema":{"@context":"https:\/\/schema.org","@graph":[{"@type":"WebPage","@id":"https:\/\/der-reiseshop.de\/index.php\/msc-bellissima-info-2\/","url":"https:\/\/der-reiseshop.de\/index.php\/msc-bellissima-info-2\/","name":"MSC Bellissima -Info- Dein-Schiff.de","isPartOf":{"@id":"https:\/\/der-reiseshop.de\/#website"},"primaryImageOfPage":{"@id":"https:\/\/der-reiseshop.de\/index.php\/msc-bellissima-info-2\/#primaryimage"},"image":{"@id":"https:\/\/der-reiseshop.de\/index.php\/msc-bellissima-info-2\/#primaryimage"},"thumbnailUrl":"http:\/\/wartung.der-reiseshop.de\/wp-content\/uploads\/2021\/09\/MSC_Bellissima-scaled-1.jpg","datePublished":"2021-09-27T16:32:05+00:00","breadcrumb":{"@id":"https:\/\/der-reiseshop.de\/index.php\/msc-bellissima-info-2\/#breadcrumb"},"inLanguage":"de","potentialAction":[{"@type":"ReadAction","target":["https:\/\/der-reiseshop.de\/index.php\/msc-bellissima-info-2\/"]}]},{"@type":"ImageObject","inLanguage":"de","@id":"https:\/\/der-reiseshop.de\/index.php\/msc-bellissima-info-2\/#primaryimage","url":"http:\/\/wartung.der-reiseshop.de\/wp-content\/uploads\/2021\/09\/MSC_Bellissima-scaled-1.jpg","contentUrl":"http:\/\/wartung.der-reiseshop.de\/wp-content\/uploads\/2021\/09\/MSC_Bellissima-scaled-1.jpg"},{"@type":"BreadcrumbList","@id":"https:\/\/der-reiseshop.de\/index.php\/msc-bellissima-info-2\/#breadcrumb","itemListElement":[{"@type":"ListItem","position":1,"name":"Startseite","item":"https:\/\/der-reiseshop.de\/"},{"@type":"ListItem","position":2,"name":"MSC Bellissima -Info-"}]},{"@type":"WebSite","@id":"https:\/\/der-reiseshop.de\/#website","url":"https:\/\/der-reiseshop.de\/","name":"Dein-Schiff.de","description":"","publisher":{"@id":"https:\/\/der-reiseshop.de\/#organization"},"potentialAction":[{"@type":"SearchAction","target":{"@type":"EntryPoint","urlTemplate":"https:\/\/der-reiseshop.de\/?s={search_term_string}"},"query-input":{"@type":"PropertyValueSpecification","valueRequired":true,"valueName":"search_term_string"}}],"inLanguage":"de"},{"@type":"Organization","@id":"https:\/\/der-reiseshop.de\/#organization","name":"Dein-Schiff.de","url":"https:\/\/der-reiseshop.de\/","logo":{"@type":"ImageObject","inLanguage":"de","@id":"https:\/\/der-reiseshop.de\/#\/schema\/logo\/image\/","url":"https:\/\/der-reiseshop.de\/wp-content\/uploads\/2022\/11\/Logo_print_mail.jpg","contentUrl":"https:\/\/der-reiseshop.de\/wp-content\/uploads\/2022\/11\/Logo_print_mail.jpg","width":282,"height":139,"caption":"Dein-Schiff.de"},"image":{"@id":"https:\/\/der-reiseshop.de\/#\/schema\/logo\/image\/"}}]}},"_links":{"self":[{"href":"https:\/\/der-reiseshop.de\/index.php\/wp-json\/wp\/v2\/pages\/20338","targetHints":{"allow":["GET"]}}],"collection":[{"href":"https:\/\/der-reiseshop.de\/index.php\/wp-json\/wp\/v2\/pages"}],"about":[{"href":"https:\/\/der-reiseshop.de\/index.php\/wp-json\/wp\/v2\/types\/page"}],"author":[{"embeddable":true,"href":"https:\/\/der-reiseshop.de\/index.php\/wp-json\/wp\/v2\/users\/4"}],"replies":[{"embeddable":true,"href":"https:\/\/der-reiseshop.de\/index.php\/wp-json\/wp\/v2\/comments?post=20338"}],"version-history":[{"count":0,"href":"https:\/\/der-reiseshop.de\/index.php\/wp-json\/wp\/v2\/pages\/20338\/revisions"}],"wp:attachment":[{"href":"https:\/\/der-reiseshop.de\/index.php\/wp-json\/wp\/v2\/media?parent=20338"}],"curies":[{"name":"wp","href":"https:\/\/api.w.org\/{rel}","templated":true}]}}