{"id":61,"date":"2013-08-13T02:47:35","date_gmt":"2013-08-13T02:47:35","guid":{"rendered":"http:\/\/demo.rocknrolladesigns.com\/wp\/jarvis\/callouts\/?page_id=61"},"modified":"2025-08-19T11:43:12","modified_gmt":"2025-08-19T09:43:12","slug":"contact","status":"publish","type":"page","link":"https:\/\/der-reiseshop.de\/index.php\/contact\/","title":{"rendered":"Impressum und Kontakt"},"content":{"rendered":"<h3>Angaben gem\u00e4\u00df \u00a7 5 TMG:<\/h3>\n<p><span style=\"font-weight: 600;\">Der<\/span><b>\u00a0Reiseshop D\u00f6nnewald<\/b><\/p>\n<p>Winterkamp 24<br \/>\n44267 Dortmund<br \/>\nDeutschland<\/p>\n<h3>Vertreten durch:<\/h3>\n<p><strong>Dietmar D\u00f6nnewald<br \/>\n<\/strong><\/p>\n<h3>Kontakt:<\/h3>\n<p>Telefon: 0231-772564<\/p>\n<p>E-Mail: <span style=\"color: #007cba;\"><span style=\"caret-color: #007cba;\">info@der-reiseshop.de<\/span><\/span><\/p>\n<h3>Umsatzsteuer:<\/h3>\n<p>Umsatzsteuer-Identifikationsnummer gem\u00e4\u00df \u00a727 a Umsatzsteuergesetz:<br \/>\nUST-ID: <strong>DE-124741436<\/strong><\/p>\n<h3>Verantwortlich f\u00fcr den Inhalt nach \u00a7 55 Abs. 2 RStV:<\/h3>\n<p><strong>Dietmar D\u00f6nnewald<br \/>\n<\/strong><\/p>\n<h3>Streitschlichtung<\/h3>\n<p>Wir nehmen nicht an einem Streitbeilegungsverfahren vor einer Verbraucherschlichtungsstelle teil. Das Gesetzes \u00fcber die alternative Streitbeilegung in Verbrauchersachen fordert aber, dass wir Sie trotzdem auf eine f\u00fcr Sie zust\u00e4ndige Verbraucherschlichtungsstelle hinweisen:<\/p>\n<p>Allgemeine Verbraucherschlichtungsstelle des Zentrums f\u00fcr Schlichtung e. V.<br \/>\nStra\u00dfburger Str. 8<br \/>\n77694 Kehl<\/p>\n<p>Internet: <a class=\"external-link-new-window\" title=\"Opens external link in new window\" href=\"http:\/\/www.verbraucher-schlichter.de\/\" target=\"_blank\" rel=\"noopener\">www.verbraucher-schlichter.de<\/a><\/p>\n<h3><\/h3>\n<h3>Haftung f\u00fcr Inhalte<\/h3>\n<p>Als Diensteanbieter sind wir gem\u00e4\u00df \u00a7 7 Abs.1 TMG f\u00fcr eigene Inhalte auf diesen Seiten nach den allgemeinen Gesetzen verantwortlich. Nach \u00a7\u00a7 8 bis 10 TMG sind wir als Diensteanbieter jedoch nicht verpflichtet, \u00fcbermittelte oder gespeicherte fremde Informationen zu \u00fcberwachen oder nach Umst\u00e4nden zu forschen, die auf eine rechtswidrige T\u00e4tigkeit hinweisen.<\/p>\n<p>Verpflichtungen zur Entfernung oder Sperrung der Nutzung von Informationen nach den allgemeinen Gesetzen bleiben hiervon unber\u00fchrt. Eine diesbez\u00fcgliche Haftung ist jedoch erst ab dem Zeitpunkt der Kenntnis einer konkreten Rechtsverletzung m\u00f6glich. Bei Bekanntwerden von entsprechenden Rechtsverletzungen werden wir diese Inhalte umgehend entfernen.<\/p>\n<h3>Haftung f\u00fcr Links<\/h3>\n<p>Unser Angebot enth\u00e4lt Links zu externen Webseiten Dritter, auf deren Inhalte wir keinen Einfluss haben. Deshalb k\u00f6nnen wir f\u00fcr diese fremden Inhalte auch keine Gew\u00e4hr \u00fcbernehmen. F\u00fcr die Inhalte der verlinkten Seiten ist stets der jeweilige Anbieter oder Betreiber der Seiten verantwortlich. Die verlinkten Seiten wurden zum Zeitpunkt der Verlinkung auf m\u00f6gliche Rechtsverst\u00f6\u00dfe \u00fcberpr\u00fcft. Rechtswidrige Inhalte waren zum Zeitpunkt der Verlinkung nicht erkennbar.<\/p>\n<p>Eine permanente inhaltliche Kontrolle der verlinkten Seiten ist jedoch ohne konkrete Anhaltspunkte einer Rechtsverletzung nicht zumutbar. Bei Bekanntwerden von Rechtsverletzungen werden wir derartige Links umgehend entfernen.<\/p>\n<h3>Urheberrecht<\/h3>\n<p>Die durch die Seitenbetreiber erstellten Inhalte und Werke auf diesen Seiten unterliegen dem deutschen Urheberrecht. Die Vervielf\u00e4ltigung, Bearbeitung, Verbreitung und jede Art der Verwertung au\u00dferhalb der Grenzen des Urheberrechtes bed\u00fcrfen der schriftlichen Zustimmung des jeweiligen Autors bzw. Erstellers. Downloads und Kopien dieser Seite sind nur f\u00fcr den privaten, nicht kommerziellen Gebrauch gestattet.<\/p>\n<p>Soweit die Inhalte auf dieser Seite nicht vom Betreiber erstellt wurden, werden die Urheberrechte Dritter beachtet. Insbesondere werden Inhalte Dritter als solche gekennzeichnet. Sollten Sie trotzdem auf eine Urheberrechtsverletzung aufmerksam werden, bitten wir um einen entsprechenden Hinweis. Bei Bekanntwerden von Rechtsverletzungen werden wir derartige Inhalte umgehend entfernen.<\/p>\n<h3>Widerspruch Werbe-Mails<\/h3>\n<p>Der Nutzung von Kontaktdaten (die im Rahmen der Impressumspflicht ver\u00f6ffentlicht wurden) zur \u00dcbersendung von nicht ausdr\u00fccklich angeforderter Werbung und Informationen wird hiermit widersprochen. Der Seitenbetreiber beh\u00e4lt sich rechtliche Schritte bei unverlangter Zusendung von Werbeinformationen, insbesondere bei Spam-E-Mails, vor.<\/p>\n<p>Quelle: <a href=\"https:\/\/www.e-recht24.de\/\">eRecht24<\/a><\/p>\n<div><\/div>\n<div><\/div>\n<div>\n<p><strong>Markenrecht<\/strong><br \/>\nWir weisen ausdr\u00fccklich darauf hin, dass die auf dieser Website genannten und gezeigten Bezeichnungen, Warenzeichen, Logos und Markennamen Eigentum der entsprechenden Firmen und\/oder Personen sind und dem Copyright unterliegen!<\/p>\n<\/div>\n<div><\/div>\n<div>\n<p><strong>Internet-Bedingungen<\/strong><br \/>\nDas Internet arbeitet als dezentraler Netzwerkverbund mit der Zwischenspeicherung und Weitergabe tempor\u00e4rer Daten. Eine Gew\u00e4hr f\u00fcr den Ausschluss von Manipulation, von versehentlichem Verf\u00e4lschen und Gew\u00e4hr f\u00fcr die Verwendung nur aktueller Daten (z.B. alte Version noch im Cache) auf dem Verbindungsweg Anbieter zu Nutzer kann es zurzeit daher nicht geben. Auf diese systembedingte Einschr\u00e4nkung weisen wir daher wie folgt hin: Sie erhalten diese Daten unter den Bedingungen des Internets. F\u00fcr die Richtigkeit der Angaben und die \u00dcbereinstimmung mit den Ursprungsdaten kann daher keine Gew\u00e4hr \u00fcbernommen werden.<\/p>\n<\/div>\n<div><strong>Haftung f\u00fcr Links<\/strong><\/div>\n<div>Wir haben Links zu anderen Seiten im Internet gelegt. F\u00fcr alle diese Links gilt: Wir m\u00f6chten betonen, dass wir keinerlei Einfluss auf die Inhalte oder die Gestaltung der gelinkten Seiten haben. Deshalb distanzieren wir und hiermit ausdr\u00fccklich von allen Inhalten aller Seiten, die von unseren Seiten verlinkt sind. Die Inhalte dieser Seiten machen wir uns nicht zu Eigen. Diese Erkl\u00e4rung gilt f\u00fcr alle auf unseren Seiten angebrachten Links und f\u00fcr die Inhalte aller Seiten, zu denen die angebrachten Links f\u00fchren.<\/div>\n<div><\/div>\n<div><\/div>\n<div>\n<p><strong>Urheber- und Leistungsschutzrechte<\/strong><br \/>\nDie auf dieser Website ver\u00f6ffentlichten Inhalte unterliegen dem deutschem Urheberrecht. Jede nicht zugelassene Verwertung bedarf der vorherigen schriftlichen Zustimmung des Anbieters oder jeweiligen Rechteinhabers. Dies gilt insbesondere f\u00fcr Vervielf\u00e4ltigung, Bearbeitung, \u00dcbersetzung, Einspeicherung, Verarbeitung bzw. Wiedergabe von Inhalten in Datenbanken oder anderen elektronischen Medien und Systemen. Inhalte und Rechte Dritter sind dabei als solche gekennzeichnet. Die unerlaubte Vervielf\u00e4ltigung oder Weitergabe einzelner Inhalte oder kompletter Seiten ist nicht gestattet und strafbar. Lediglich die Herstellung von Kopien und Downloads f\u00fcr den pers\u00f6nlichen, privaten und nicht kommerziellen Gebrauch ist erlaubt.<br \/>\nDie Darstellung dieser Website in fremden Frames ist nur mit schriftlicher Erlaubnis zul\u00e4ssig.<\/p>\n<p><strong>Bildquellen<\/strong><br \/>\nDie auf dieser Webseite verwendeten Bilder, Grafiken und Texte sind durch das Urheberrecht gesch\u00fctzte Werke von: Der Reiseshop D\u00f6nnewald, fotolia.de, envato, und den jeweiligen Reedereien und Veranstaltern. Verwendung nur mit schriftlicher Genehmigung von Der Reiseshop D\u00f6nnewald<\/p>\n<div id=\"magicdomid4\" class=\"\"><span class=\"author-DlizZ59OM2Fv b\"><b>Verbraucherstreitbeilegung und Online-Streitbeilegungsplattform<\/b><\/span><\/div>\n<div id=\"magicdomid5\" class=\"\"><span class=\"author-DlizZ59OM2Fv\">Unser UnternehmenDer Reiseshop D\u00f6nnewald<\/span><i>\u00a0<\/i><span class=\"author-DlizZ59OM2Fv\">nimmt nicht an einem Streitbeilegungsverfahren vor einer Verbraucherschlichtungsstelle teil.<\/span><\/div>\n<div class=\"\"><\/div>\n<div id=\"magicdomid6\" class=\"\"><\/div>\n<div id=\"magicdomid7\" class=\"\"><span class=\"author-DlizZ59OM2Fv b\"><b>Online-Streitbeilegungsplattform:\u00a0<\/b><\/span><span class=\"author-DlizZ59OM2Fv\">Die Europ\u00e4ische Kommission stellt unter\u00a0<\/span><span class=\"author-DlizZ59OM2Fv link:http:\/\/ec.europa.eu\/consumers\/odr\/ u url:http:\/\/ec.europa.eu\/consumers\/odr\/ author-DlizZ59OM2Fv link u\"><a class=\"link-forced\" href=\"http:\/\/ec.europa.eu\/consumers\/odr\/\" target=\"_blank\" rel=\"eplinks_hrefhttp:\/\/ec.europa.eu\/consumers\/odr\/ noopener\"><u>http:\/\/ec.europa.eu\/consumers\/odr\/<\/u><\/a><\/span><span class=\"author-DlizZ59OM2Fv\">\u00a0eine Plattform zur Online-Beilegung verbraucherrechtlicher Streitigkeiten f\u00fcr Vertragsabschl\u00fcsse \u00fcber die Internetseite des Veranstalters oder mittels E-Mail bereit.<\/span><\/div>\n<\/div>\n<p>Wir vermitteln Reiseversicherungen im Status eines erlaubnisfreien Annexvermittlers gem\u00e4\u00df \u00a7 34d Abs. 8 Nr. 1 Gewerbeordnung (GewO).<\/p>\n<p>Beschwerdestelle bei Streitigkeiten mit Versicherungsvermittlern:<\/p>\n<p>Versicherungsombudsmann e.V.<\/p>\n<p>Postfach 08 06 32<\/p>\n<p>10006 Berlin<\/p>\n<p>Telefon: 0800 3696000<\/p>\n<p>Fax: 0800 3699000<\/p>\n<p>E-Mail: beschwerde@versicherungsombudsmann.de<\/p>\n<p>www. versicherungsombudsmann.de<\/p>\n<p><strong>Google Analytics<\/strong><\/p>\n<p>Diese Website benutzt Google Analytics, einen Webanalysedienst der Google Inc. (\u201eGoogle\u201c). Google Analytics verwendet sog. \u201eCookies\u201c, Textdateien, die auf Ihrem Computer gespeichert werden und die eine Analyse der Benutzung der Website durch Sie erm\u00f6glicht. Die durch den Cookie erzeugten Informationen \u00fcber Ihre Benutzung dieser Website (einschlie\u00dflich Ihrer IP-Adresse) wird an einen Server von Google in den USA \u00fcbertragen und dort gespeichert. Google wird diese Informationen benutzen, um Ihre Nutzung der Website auszuwerten, um Reports \u00fcber die Websiteaktivit\u00e4ten f\u00fcr die Websitebetreiber zusammenzustellen und um weitere mit der Websitenutzung und der Internetnutzung verbundene Dienstleistungen zu erbringen. Auch wird Google diese Informationen gegebenenfalls an Dritte \u00fcbertragen, sofern dies gesetzlich vorgeschrieben oder soweit Dritte diese Daten im Auftrag von Google verarbeiten. Google wird in keinem Fall Ihre IP-Adresse mit anderen Daten, die von Google gespeichert werden, in Verbindung bringen. Sie k\u00f6nnen die Installation der Cookies durch eine entsprechende Einstellung Ihrer Browser Software verhindern; wir weisen Sie jedoch darauf hin, dass Sie in diesem Fall gegebenenfalls nicht s\u00e4mtliche Funktionen dieser Website voll umf\u00e4nglich nutzen k\u00f6nnen. Durch die Nutzung dieser Website erkl\u00e4ren Sie sich mit der Bearbeitung der \u00fcber Sie erhobenen Daten durch Google in der zuvor beschriebenen Art und Weise und zu dem zuvor benannten Zweck einverstanden.<\/p>\n<p><strong>Hinweis:<\/strong>\u00a0Google bietet ein Erweiterungsmodul (Plugin) f\u00fcr g\u00e4ngige Browser an, mit dem die Datenerfassung verhindert, bzw. eingeschr\u00e4nkt wird.Weitere Informationen:\u00a0<a href=\"http:\/\/tools.google.com\/dlpage\/gaoptout\" target=\"_blank\" rel=\"noopener\">http:\/\/tools.google.com\/dlpage\/gaoptout<\/a><\/p>\n<p>Weitere Informationen zu den allgemeinen Nutzungsbedigungen von Google Analytics erhalten Sie unter:<\/p>\n<p><a href=\"http:\/\/www.google.com\/analytics\/terms\/de.html\" target=\"_blank\" rel=\"noopener\">http:\/\/www.google.com\/analytics\/terms\/de.html<\/a><\/p>\n<p>Die Datenschutzbestimmungen zu Google Analytics erhalten Sie unter:\u00a0<a href=\"http:\/\/www.google.com\/intl\/de\/analytics\/privacyoverview.html\" target=\"_blank\" rel=\"noopener\">http:\/\/www.google.com\/intl\/de\/analytics\/privacyoverview.html<\/a><\/p>\n<p>Der Betreiber dieser Webseite nimmt nicht an einem Streitbeilegungsverfahren vor einer Verbraucherschlichtungsstelle teil.<\/p>\n<p>Design by:<\/p>\n<p>Creanu GmbHWinterkamp 24 D-44267 Dortmund<\/p>\n<p>Gesch\u00e4ftsf\u00fchrer: Chaim D\u00f6nnewald<\/p>\n<p>Vertreten durch:Chaim D\u00f6nnewald<\/p>\n<h4>Kontakt<\/h4>\n<p>E-Mail: chaimdoennewald@gmail.com<\/p>\n","protected":false},"excerpt":{"rendered":"<p>Angaben gem\u00e4\u00df \u00a7 5 TMG: Der\u00a0Reiseshop D\u00f6nnewald Winterkamp 24 44267 Dortmund Deutschland Vertreten durch: Dietmar D\u00f6nnewald Kontakt: Telefon: 0231-772564 E-Mail: info@der-reiseshop.de Umsatzsteuer: Umsatzsteuer-Identifikationsnummer gem\u00e4\u00df \u00a727 a Umsatzsteuergesetz: UST-ID: DE-124741436 Verantwortlich f\u00fcr den Inhalt nach \u00a7 55 Abs. 2 RStV: Dietmar D\u00f6nnewald Streitschlichtung Wir nehmen nicht an einem Streitbeilegungsverfahren vor einer Verbraucherschlichtungsstelle teil. Das Gesetzes \u00fcber [&hellip;]<\/p>\n","protected":false},"author":1,"featured_media":0,"parent":0,"menu_order":0,"comment_status":"closed","ping_status":"open","template":"","meta":{"_exactmetrics_skip_tracking":false,"_exactmetrics_sitenote_active":false,"_exactmetrics_sitenote_note":"","_exactmetrics_sitenote_category":0,"_kadence_starter_templates_imported_post":false,"footnotes":""},"class_list":["post-61","page","type-page","status-publish","hentry"],"yoast_head":"<!-- This site is optimized with the Yoast SEO plugin v27.2 - https:\/\/yoast.com\/product\/yoast-seo-wordpress\/ -->\n<title>Impressum und Kontakt - Dein-Schiff.de<\/title>\n<meta name=\"robots\" content=\"noindex, follow\" \/>\n<meta property=\"og:locale\" content=\"de_DE\" \/>\n<meta property=\"og:type\" content=\"article\" \/>\n<meta property=\"og:title\" content=\"Impressum und Kontakt - Dein-Schiff.de\" \/>\n<meta property=\"og:description\" content=\"Angaben gem\u00e4\u00df \u00a7 5 TMG: Der\u00a0Reiseshop D\u00f6nnewald Winterkamp 24 44267 Dortmund Deutschland Vertreten durch: Dietmar D\u00f6nnewald Kontakt: Telefon: 0231-772564 E-Mail: info@der-reiseshop.de Umsatzsteuer: Umsatzsteuer-Identifikationsnummer gem\u00e4\u00df \u00a727 a Umsatzsteuergesetz: UST-ID: DE-124741436 Verantwortlich f\u00fcr den Inhalt nach \u00a7 55 Abs. 2 RStV: Dietmar D\u00f6nnewald Streitschlichtung Wir nehmen nicht an einem Streitbeilegungsverfahren vor einer Verbraucherschlichtungsstelle teil. Das Gesetzes \u00fcber [&hellip;]\" \/>\n<meta property=\"og:url\" content=\"https:\/\/der-reiseshop.de\/index.php\/contact\/\" \/>\n<meta property=\"og:site_name\" content=\"Dein-Schiff.de\" \/>\n<meta property=\"article:modified_time\" content=\"2025-08-19T09:43:12+00:00\" \/>\n<meta name=\"twitter:card\" content=\"summary_large_image\" \/>\n<meta name=\"twitter:label1\" content=\"Gesch\u00e4tzte Lesezeit\" \/>\n\t<meta name=\"twitter:data1\" content=\"7\u00a0Minuten\" \/>\n<script type=\"application\/ld+json\" class=\"yoast-schema-graph\">{\"@context\":\"https:\/\/schema.org\",\"@graph\":[{\"@type\":\"WebPage\",\"@id\":\"https:\/\/der-reiseshop.de\/index.php\/contact\/\",\"url\":\"https:\/\/der-reiseshop.de\/index.php\/contact\/\",\"name\":\"Impressum und Kontakt - Dein-Schiff.de\",\"isPartOf\":{\"@id\":\"https:\/\/der-reiseshop.de\/#website\"},\"datePublished\":\"2013-08-13T02:47:35+00:00\",\"dateModified\":\"2025-08-19T09:43:12+00:00\",\"breadcrumb\":{\"@id\":\"https:\/\/der-reiseshop.de\/index.php\/contact\/#breadcrumb\"},\"inLanguage\":\"de\",\"potentialAction\":[{\"@type\":\"ReadAction\",\"target\":[\"https:\/\/der-reiseshop.de\/index.php\/contact\/\"]}]},{\"@type\":\"BreadcrumbList\",\"@id\":\"https:\/\/der-reiseshop.de\/index.php\/contact\/#breadcrumb\",\"itemListElement\":[{\"@type\":\"ListItem\",\"position\":1,\"name\":\"Startseite\",\"item\":\"https:\/\/der-reiseshop.de\/\"},{\"@type\":\"ListItem\",\"position\":2,\"name\":\"Impressum und Kontakt\"}]},{\"@type\":\"WebSite\",\"@id\":\"https:\/\/der-reiseshop.de\/#website\",\"url\":\"https:\/\/der-reiseshop.de\/\",\"name\":\"Dein-Schiff.de\",\"description\":\"\",\"publisher\":{\"@id\":\"https:\/\/der-reiseshop.de\/#organization\"},\"potentialAction\":[{\"@type\":\"SearchAction\",\"target\":{\"@type\":\"EntryPoint\",\"urlTemplate\":\"https:\/\/der-reiseshop.de\/?s={search_term_string}\"},\"query-input\":{\"@type\":\"PropertyValueSpecification\",\"valueRequired\":true,\"valueName\":\"search_term_string\"}}],\"inLanguage\":\"de\"},{\"@type\":\"Organization\",\"@id\":\"https:\/\/der-reiseshop.de\/#organization\",\"name\":\"Dein-Schiff.de\",\"url\":\"https:\/\/der-reiseshop.de\/\",\"logo\":{\"@type\":\"ImageObject\",\"inLanguage\":\"de\",\"@id\":\"https:\/\/der-reiseshop.de\/#\/schema\/logo\/image\/\",\"url\":\"https:\/\/der-reiseshop.de\/wp-content\/uploads\/2022\/11\/Logo_print_mail.jpg\",\"contentUrl\":\"https:\/\/der-reiseshop.de\/wp-content\/uploads\/2022\/11\/Logo_print_mail.jpg\",\"width\":282,\"height\":139,\"caption\":\"Dein-Schiff.de\"},\"image\":{\"@id\":\"https:\/\/der-reiseshop.de\/#\/schema\/logo\/image\/\"}}]}<\/script>\n<!-- \/ Yoast SEO plugin. -->","yoast_head_json":{"title":"Impressum und Kontakt - Dein-Schiff.de","robots":{"index":"noindex","follow":"follow"},"og_locale":"de_DE","og_type":"article","og_title":"Impressum und Kontakt - Dein-Schiff.de","og_description":"Angaben gem\u00e4\u00df \u00a7 5 TMG: Der\u00a0Reiseshop D\u00f6nnewald Winterkamp 24 44267 Dortmund Deutschland Vertreten durch: Dietmar D\u00f6nnewald Kontakt: Telefon: 0231-772564 E-Mail: info@der-reiseshop.de Umsatzsteuer: Umsatzsteuer-Identifikationsnummer gem\u00e4\u00df \u00a727 a Umsatzsteuergesetz: UST-ID: DE-124741436 Verantwortlich f\u00fcr den Inhalt nach \u00a7 55 Abs. 2 RStV: Dietmar D\u00f6nnewald Streitschlichtung Wir nehmen nicht an einem Streitbeilegungsverfahren vor einer Verbraucherschlichtungsstelle teil. Das Gesetzes \u00fcber [&hellip;]","og_url":"https:\/\/der-reiseshop.de\/index.php\/contact\/","og_site_name":"Dein-Schiff.de","article_modified_time":"2025-08-19T09:43:12+00:00","twitter_card":"summary_large_image","twitter_misc":{"Gesch\u00e4tzte Lesezeit":"7\u00a0Minuten"},"schema":{"@context":"https:\/\/schema.org","@graph":[{"@type":"WebPage","@id":"https:\/\/der-reiseshop.de\/index.php\/contact\/","url":"https:\/\/der-reiseshop.de\/index.php\/contact\/","name":"Impressum und Kontakt - Dein-Schiff.de","isPartOf":{"@id":"https:\/\/der-reiseshop.de\/#website"},"datePublished":"2013-08-13T02:47:35+00:00","dateModified":"2025-08-19T09:43:12+00:00","breadcrumb":{"@id":"https:\/\/der-reiseshop.de\/index.php\/contact\/#breadcrumb"},"inLanguage":"de","potentialAction":[{"@type":"ReadAction","target":["https:\/\/der-reiseshop.de\/index.php\/contact\/"]}]},{"@type":"BreadcrumbList","@id":"https:\/\/der-reiseshop.de\/index.php\/contact\/#breadcrumb","itemListElement":[{"@type":"ListItem","position":1,"name":"Startseite","item":"https:\/\/der-reiseshop.de\/"},{"@type":"ListItem","position":2,"name":"Impressum und Kontakt"}]},{"@type":"WebSite","@id":"https:\/\/der-reiseshop.de\/#website","url":"https:\/\/der-reiseshop.de\/","name":"Dein-Schiff.de","description":"","publisher":{"@id":"https:\/\/der-reiseshop.de\/#organization"},"potentialAction":[{"@type":"SearchAction","target":{"@type":"EntryPoint","urlTemplate":"https:\/\/der-reiseshop.de\/?s={search_term_string}"},"query-input":{"@type":"PropertyValueSpecification","valueRequired":true,"valueName":"search_term_string"}}],"inLanguage":"de"},{"@type":"Organization","@id":"https:\/\/der-reiseshop.de\/#organization","name":"Dein-Schiff.de","url":"https:\/\/der-reiseshop.de\/","logo":{"@type":"ImageObject","inLanguage":"de","@id":"https:\/\/der-reiseshop.de\/#\/schema\/logo\/image\/","url":"https:\/\/der-reiseshop.de\/wp-content\/uploads\/2022\/11\/Logo_print_mail.jpg","contentUrl":"https:\/\/der-reiseshop.de\/wp-content\/uploads\/2022\/11\/Logo_print_mail.jpg","width":282,"height":139,"caption":"Dein-Schiff.de"},"image":{"@id":"https:\/\/der-reiseshop.de\/#\/schema\/logo\/image\/"}}]}},"_links":{"self":[{"href":"https:\/\/der-reiseshop.de\/index.php\/wp-json\/wp\/v2\/pages\/61","targetHints":{"allow":["GET"]}}],"collection":[{"href":"https:\/\/der-reiseshop.de\/index.php\/wp-json\/wp\/v2\/pages"}],"about":[{"href":"https:\/\/der-reiseshop.de\/index.php\/wp-json\/wp\/v2\/types\/page"}],"author":[{"embeddable":true,"href":"https:\/\/der-reiseshop.de\/index.php\/wp-json\/wp\/v2\/users\/1"}],"replies":[{"embeddable":true,"href":"https:\/\/der-reiseshop.de\/index.php\/wp-json\/wp\/v2\/comments?post=61"}],"version-history":[{"count":13,"href":"https:\/\/der-reiseshop.de\/index.php\/wp-json\/wp\/v2\/pages\/61\/revisions"}],"predecessor-version":[{"id":31868,"href":"https:\/\/der-reiseshop.de\/index.php\/wp-json\/wp\/v2\/pages\/61\/revisions\/31868"}],"wp:attachment":[{"href":"https:\/\/der-reiseshop.de\/index.php\/wp-json\/wp\/v2\/media?parent=61"}],"curies":[{"name":"wp","href":"https:\/\/api.w.org\/{rel}","templated":true}]}}