{"id":7490,"date":"2018-07-06T22:56:45","date_gmt":"2018-07-06T20:56:45","guid":{"rendered":"http:\/\/der-reiseshop.de\/?page_id=7490"},"modified":"2018-07-06T22:56:45","modified_gmt":"2018-07-06T20:56:45","slug":"prrl-formblatt-reiseshop","status":"publish","type":"page","link":"https:\/\/der-reiseshop.de\/index.php\/prrl-formblatt-reiseshop\/","title":{"rendered":"PRRL Formblatt Reiseshop"},"content":{"rendered":"<h5><\/h5>\n<h4><span style=\"color: #000080;\">Formblatt zur Unterrichtung des Reisenden f\u00fcr die Vermittlung einer Pauschalreise nach \u00a7 651 a des B\u00fcrgerlichen Gesetzbuches<span class=\"Apple-converted-space\">\u00a0<\/span><\/span><\/h4>\n<h5><span style=\"color: #000080;\">Bei der Ihnen angebotenen Kombination von Reiseleistungen handelt es sich um eine Pauschalreise im Sinne der Richtlinie (EU) 2015\/2302. Daher k\u00f6nnen Sie alle EU-Rechte in Anspruch nehmen, die f\u00fcr Pauschalreisen gelten. Das Unternehmen \u201eDer Reiseshop D\u00f6nnewald\u201c tr\u00e4gt die volle Verantwortung f\u00fcr die ordnungsgem\u00e4\u00dfe Durchf\u00fchrung der gesamten Pauschalreise.<span class=\"Apple-converted-space\">\u00a0<\/span><\/span><\/h5>\n<h5><span style=\"color: #000080;\">Zudem verf\u00fcgt das Unternehmen (Der Reiseshop D\u00f6nnewald Harkortstr. 105<span class=\"Apple-converted-space\">\u00a0 <\/span>44225 Dortmundl) \u00fcber die gesetzlich vorgeschriebene Absicherung f\u00fcr die R\u00fcckzahlung Ihrer Zahlungen und , falls der Transport in der Pauschalreise inbegriffen ist, zur Sicherstellung Ihrer R\u00fcckbef\u00f6rderung im Fall seiner Insolvenz.<span class=\"Apple-converted-space\">\u00a0<\/span><\/span><\/h5>\n<h5><span style=\"color: #000080;\">Wichtigste Rechte nach der Richtlinie (EU) 2015\/2302<span class=\"Apple-converted-space\">\u00a0<\/span><\/span><\/h5>\n<h5><span style=\"color: #000080;\">\u2022Die Reisenden erhalten alle wesentlichen Informationen \u00fcber die Pauschalreise vor Abschluss des Pauschalreisevertrags. <\/span><\/h5>\n<h5><span style=\"color: #000080;\">\u2022Es haftet immer mindestens ein Unternehmer f\u00fcr die ordnungsgem\u00e4\u00dfe Erbringung aller im Vertrag inbegriffenen Reiseleistungen. <\/span><\/h5>\n<h5><span style=\"color: #000080;\">\u2022Die Reisenden erhalten eine Notruftelefonnummer oder Angaben zu einer Kontaktstelle , \u00fcber die sie sich mit dem Reiseveranstalter oder dem Reiseb\u00fcro in Verbindung setzen k\u00f6nnen . <\/span><\/h5>\n<h5><span style=\"color: #000080;\">\u2022Die Reisenden k\u00f6nnen die Pauschalreise \u2013 innerhalb einer angemessenen Frist und unter Umst\u00e4nden unter zus\u00e4tzlichen Kosten \u2013 auf eine andere Person \u00fcbertragen. <\/span><\/h5>\n<h5><span style=\"color: #000080;\">\u2022Der Preis der Pauschalreise darf nur erh\u00f6ht werden, wenn bestimmte Kosten (zum Beispiel Treibstoffpreise) sich erh\u00f6hen und wenn dies im Vertrag ausdr\u00fccklich vorgesehen ist , und in jedem Fall bis sp\u00e4testens 20 Tage vor Beginn der Pauschalreise. Wenn die Preiserh\u00f6hung 8 % des Pauschalreisepreises \u00fcbersteigt, kann der Reisende vom Vertrag zur\u00fccktreten. Wenn sich ein Reiseveranstalter das Recht auf eine Preiserh\u00f6hung vorbeh\u00e4lt, hat der Reisende das Recht auf eine Preissenkung, wenn die entsprechenden Kosten sich verringern. <\/span><\/h5>\n<h5><span style=\"color: #000080;\">\u2022Die Reisenden k\u00f6nnen ohne Zahlung einer R\u00fccktrittsgeb\u00fchr vom Vertrag zur\u00fccktreten und erhalten eine volle Erstattung aller Zahlungen, wenn einer der wesentlichen Bestandteile der Pauschalreise mit Ausnahme des Preises erheblich ge\u00e4ndert wird. Wenn der f\u00fcr die Pauschalreise verantwortliche Unternehmer die Pauschalreise vor Beginn der Pauschalreise absagt, haben die Reisenden Anspruch auf eine Kostenerstattung und unter Umst\u00e4nden auf eine Entsch\u00e4digung. <\/span><\/h5>\n<h5><span style=\"color: #000080;\">\u2022Die Reisenden k\u00f6nnen bei Eintritt au\u00dfergew\u00f6hnlicher Umst\u00e4nde vor Beginn der Pauschalreise ohne Zahlung einer R\u00fccktrittsgeb\u00fchr vom Vertrag zur\u00fccktreten, beispielsweise wenn am Bestimmungsort schwerwiegende Sicherheitsprobleme bestehen, die die Pauschalreise voraussichtlich beeintr\u00e4chtigen. <\/span><\/h5>\n<h5><span style=\"color: #000080;\">\u2022Zudem k\u00f6nnen die Reisenden jederzeit vor Beginn der Pauschalreise gegen Zahlung einer angemessenen und vertretbaren R\u00fccktrittsgeb\u00fchr vom Vertrag zur\u00fccktreten . <\/span><\/h5>\n<h5><span style=\"color: #000080;\">\u2022K\u00f6nnen nach Beginn der Pauschalreise wesentliche Bestandteile der Pauschalreise nicht vereinbarungsgem\u00e4\u00df durchgef\u00fchrt werden, so sind dem Reisenden angemessene andere Vorkehrungen ohne Mehrkosten anzubieten. Der Reisende kann ohne Zahlung einer R\u00fccktrittsgeb\u00fchr vom Vertrag zur\u00fccktreten (in der Bundesrepublik Deutschland hei\u00dft dieses Recht \u201eK\u00fcndigung\u201c), wenn Leistungen <\/span><br \/>\n<span style=\"color: #000080;\">nicht gem\u00e4\u00df dem Vertrag erbracht werden und dies erhebliche Auswirkungen auf die Erbringung der vertraglichen Pauschalreiseleistungen hat und der Reiseveranstalter es vers\u00e4umt, Abhilfe zu schaffen.<span class=\"Apple-converted-space\">\u00a0<\/span><\/span><\/h5>\n<h5><span style=\"color: #000080;\">\u2022Der Reisende hat Anspruch auf eine Preisminderung und \/oder Schadenersatz, wenn die <\/span><br \/>\n<span style=\"color: #000080;\">Reiseleistungen nicht oder nicht ordnungsgem\u00e4\u00df erbracht werden. <\/span><\/h5>\n<h5><span style=\"color: #000080;\">\u2022Der Reiseveranstalter leistet dem Reisenden Beistand, wenn dieser sich in Schwierigkeiten befindet. <\/span><\/h5>\n<h5><span style=\"color: #000080;\">\u2022Im Fall der Insolvenz des Reiseveranstalters oder \u2013 in einigen Mitgliedstaaten \u2013 des Reisevermittlers <\/span><br \/>\n<span style=\"color: #000080;\">werden Zahlungen zur\u00fcckerstattet. Tritt die Insolvenz des Reiseveranstalters oder, sofern einschl\u00e4gig, des Reisevermittlers nach Beginn der Pauschalreise ein und ist die Bef\u00f6rderung Bestandteil der Pauschalreise, so wird die R\u00fcckbef\u00f6rderung der Reisenden gew\u00e4hrleistet. Der Reiseshop D\u00f6nnewald hat eine Insolvenzabsicherung mit R&amp;V Versicherung abgeschlossen . Die Reisenden k\u00f6nnen diese Einrichtung oder gegebenenfalls die zust\u00e4ndige Beh\u00f6rde (Raiffeisenplatz 1 in 65189 Wiesbaden Telefon 06115335859) kontaktieren, wenn ihnen Leistungen aufgrund der Insolvenz von (Der Reiseshop D\u00f6nnewald Harkortstr. 105 in 44225 Dortmund) verweigert werden.<span class=\"Apple-converted-space\">\u00a0<\/span><\/span><\/h5>\n","protected":false},"excerpt":{"rendered":"<p>Formblatt zur Unterrichtung des Reisenden f\u00fcr die Vermittlung einer Pauschalreise nach \u00a7 651 a des B\u00fcrgerlichen Gesetzbuches\u00a0 Bei der Ihnen angebotenen Kombination von Reiseleistungen handelt es sich um eine Pauschalreise im Sinne der Richtlinie (EU) 2015\/2302. Daher k\u00f6nnen Sie alle EU-Rechte in Anspruch nehmen, die f\u00fcr Pauschalreisen gelten. Das Unternehmen \u201eDer Reiseshop D\u00f6nnewald\u201c tr\u00e4gt die [&hellip;]<\/p>\n","protected":false},"author":1,"featured_media":0,"parent":0,"menu_order":0,"comment_status":"closed","ping_status":"closed","template":"","meta":{"_exactmetrics_skip_tracking":false,"_exactmetrics_sitenote_active":false,"_exactmetrics_sitenote_note":"","_exactmetrics_sitenote_category":0,"_kadence_starter_templates_imported_post":false,"footnotes":""},"class_list":["post-7490","page","type-page","status-publish","hentry"],"yoast_head":"<!-- This site is optimized with the Yoast SEO plugin v27.2 - https:\/\/yoast.com\/product\/yoast-seo-wordpress\/ -->\n<title>PRRL Formblatt Reiseshop - Dein-Schiff.de<\/title>\n<meta name=\"robots\" content=\"index, follow, max-snippet:-1, max-image-preview:large, max-video-preview:-1\" \/>\n<link rel=\"canonical\" href=\"https:\/\/der-reiseshop.de\/index.php\/prrl-formblatt-reiseshop\/\" \/>\n<meta property=\"og:locale\" content=\"de_DE\" \/>\n<meta property=\"og:type\" content=\"article\" \/>\n<meta property=\"og:title\" content=\"PRRL Formblatt Reiseshop - Dein-Schiff.de\" \/>\n<meta property=\"og:description\" content=\"Formblatt zur Unterrichtung des Reisenden f\u00fcr die Vermittlung einer Pauschalreise nach \u00a7 651 a des B\u00fcrgerlichen Gesetzbuches\u00a0 Bei der Ihnen angebotenen Kombination von Reiseleistungen handelt es sich um eine Pauschalreise im Sinne der Richtlinie (EU) 2015\/2302. Daher k\u00f6nnen Sie alle EU-Rechte in Anspruch nehmen, die f\u00fcr Pauschalreisen gelten. Das Unternehmen \u201eDer Reiseshop D\u00f6nnewald\u201c tr\u00e4gt die [&hellip;]\" \/>\n<meta property=\"og:url\" content=\"https:\/\/der-reiseshop.de\/index.php\/prrl-formblatt-reiseshop\/\" \/>\n<meta property=\"og:site_name\" content=\"Dein-Schiff.de\" \/>\n<meta name=\"twitter:card\" content=\"summary_large_image\" \/>\n<meta name=\"twitter:label1\" content=\"Gesch\u00e4tzte Lesezeit\" \/>\n\t<meta name=\"twitter:data1\" content=\"3\u00a0Minuten\" \/>\n<script type=\"application\/ld+json\" class=\"yoast-schema-graph\">{\"@context\":\"https:\/\/schema.org\",\"@graph\":[{\"@type\":\"WebPage\",\"@id\":\"https:\/\/der-reiseshop.de\/index.php\/prrl-formblatt-reiseshop\/\",\"url\":\"https:\/\/der-reiseshop.de\/index.php\/prrl-formblatt-reiseshop\/\",\"name\":\"PRRL Formblatt Reiseshop - Dein-Schiff.de\",\"isPartOf\":{\"@id\":\"https:\/\/der-reiseshop.de\/#website\"},\"datePublished\":\"2018-07-06T20:56:45+00:00\",\"breadcrumb\":{\"@id\":\"https:\/\/der-reiseshop.de\/index.php\/prrl-formblatt-reiseshop\/#breadcrumb\"},\"inLanguage\":\"de\",\"potentialAction\":[{\"@type\":\"ReadAction\",\"target\":[\"https:\/\/der-reiseshop.de\/index.php\/prrl-formblatt-reiseshop\/\"]}]},{\"@type\":\"BreadcrumbList\",\"@id\":\"https:\/\/der-reiseshop.de\/index.php\/prrl-formblatt-reiseshop\/#breadcrumb\",\"itemListElement\":[{\"@type\":\"ListItem\",\"position\":1,\"name\":\"Startseite\",\"item\":\"https:\/\/der-reiseshop.de\/\"},{\"@type\":\"ListItem\",\"position\":2,\"name\":\"PRRL Formblatt Reiseshop\"}]},{\"@type\":\"WebSite\",\"@id\":\"https:\/\/der-reiseshop.de\/#website\",\"url\":\"https:\/\/der-reiseshop.de\/\",\"name\":\"Dein-Schiff.de\",\"description\":\"\",\"publisher\":{\"@id\":\"https:\/\/der-reiseshop.de\/#organization\"},\"potentialAction\":[{\"@type\":\"SearchAction\",\"target\":{\"@type\":\"EntryPoint\",\"urlTemplate\":\"https:\/\/der-reiseshop.de\/?s={search_term_string}\"},\"query-input\":{\"@type\":\"PropertyValueSpecification\",\"valueRequired\":true,\"valueName\":\"search_term_string\"}}],\"inLanguage\":\"de\"},{\"@type\":\"Organization\",\"@id\":\"https:\/\/der-reiseshop.de\/#organization\",\"name\":\"Dein-Schiff.de\",\"url\":\"https:\/\/der-reiseshop.de\/\",\"logo\":{\"@type\":\"ImageObject\",\"inLanguage\":\"de\",\"@id\":\"https:\/\/der-reiseshop.de\/#\/schema\/logo\/image\/\",\"url\":\"https:\/\/der-reiseshop.de\/wp-content\/uploads\/2022\/11\/Logo_print_mail.jpg\",\"contentUrl\":\"https:\/\/der-reiseshop.de\/wp-content\/uploads\/2022\/11\/Logo_print_mail.jpg\",\"width\":282,\"height\":139,\"caption\":\"Dein-Schiff.de\"},\"image\":{\"@id\":\"https:\/\/der-reiseshop.de\/#\/schema\/logo\/image\/\"}}]}<\/script>\n<!-- \/ Yoast SEO plugin. -->","yoast_head_json":{"title":"PRRL Formblatt Reiseshop - Dein-Schiff.de","robots":{"index":"index","follow":"follow","max-snippet":"max-snippet:-1","max-image-preview":"max-image-preview:large","max-video-preview":"max-video-preview:-1"},"canonical":"https:\/\/der-reiseshop.de\/index.php\/prrl-formblatt-reiseshop\/","og_locale":"de_DE","og_type":"article","og_title":"PRRL Formblatt Reiseshop - Dein-Schiff.de","og_description":"Formblatt zur Unterrichtung des Reisenden f\u00fcr die Vermittlung einer Pauschalreise nach \u00a7 651 a des B\u00fcrgerlichen Gesetzbuches\u00a0 Bei der Ihnen angebotenen Kombination von Reiseleistungen handelt es sich um eine Pauschalreise im Sinne der Richtlinie (EU) 2015\/2302. Daher k\u00f6nnen Sie alle EU-Rechte in Anspruch nehmen, die f\u00fcr Pauschalreisen gelten. Das Unternehmen \u201eDer Reiseshop D\u00f6nnewald\u201c tr\u00e4gt die [&hellip;]","og_url":"https:\/\/der-reiseshop.de\/index.php\/prrl-formblatt-reiseshop\/","og_site_name":"Dein-Schiff.de","twitter_card":"summary_large_image","twitter_misc":{"Gesch\u00e4tzte Lesezeit":"3\u00a0Minuten"},"schema":{"@context":"https:\/\/schema.org","@graph":[{"@type":"WebPage","@id":"https:\/\/der-reiseshop.de\/index.php\/prrl-formblatt-reiseshop\/","url":"https:\/\/der-reiseshop.de\/index.php\/prrl-formblatt-reiseshop\/","name":"PRRL Formblatt Reiseshop - Dein-Schiff.de","isPartOf":{"@id":"https:\/\/der-reiseshop.de\/#website"},"datePublished":"2018-07-06T20:56:45+00:00","breadcrumb":{"@id":"https:\/\/der-reiseshop.de\/index.php\/prrl-formblatt-reiseshop\/#breadcrumb"},"inLanguage":"de","potentialAction":[{"@type":"ReadAction","target":["https:\/\/der-reiseshop.de\/index.php\/prrl-formblatt-reiseshop\/"]}]},{"@type":"BreadcrumbList","@id":"https:\/\/der-reiseshop.de\/index.php\/prrl-formblatt-reiseshop\/#breadcrumb","itemListElement":[{"@type":"ListItem","position":1,"name":"Startseite","item":"https:\/\/der-reiseshop.de\/"},{"@type":"ListItem","position":2,"name":"PRRL Formblatt Reiseshop"}]},{"@type":"WebSite","@id":"https:\/\/der-reiseshop.de\/#website","url":"https:\/\/der-reiseshop.de\/","name":"Dein-Schiff.de","description":"","publisher":{"@id":"https:\/\/der-reiseshop.de\/#organization"},"potentialAction":[{"@type":"SearchAction","target":{"@type":"EntryPoint","urlTemplate":"https:\/\/der-reiseshop.de\/?s={search_term_string}"},"query-input":{"@type":"PropertyValueSpecification","valueRequired":true,"valueName":"search_term_string"}}],"inLanguage":"de"},{"@type":"Organization","@id":"https:\/\/der-reiseshop.de\/#organization","name":"Dein-Schiff.de","url":"https:\/\/der-reiseshop.de\/","logo":{"@type":"ImageObject","inLanguage":"de","@id":"https:\/\/der-reiseshop.de\/#\/schema\/logo\/image\/","url":"https:\/\/der-reiseshop.de\/wp-content\/uploads\/2022\/11\/Logo_print_mail.jpg","contentUrl":"https:\/\/der-reiseshop.de\/wp-content\/uploads\/2022\/11\/Logo_print_mail.jpg","width":282,"height":139,"caption":"Dein-Schiff.de"},"image":{"@id":"https:\/\/der-reiseshop.de\/#\/schema\/logo\/image\/"}}]}},"_links":{"self":[{"href":"https:\/\/der-reiseshop.de\/index.php\/wp-json\/wp\/v2\/pages\/7490","targetHints":{"allow":["GET"]}}],"collection":[{"href":"https:\/\/der-reiseshop.de\/index.php\/wp-json\/wp\/v2\/pages"}],"about":[{"href":"https:\/\/der-reiseshop.de\/index.php\/wp-json\/wp\/v2\/types\/page"}],"author":[{"embeddable":true,"href":"https:\/\/der-reiseshop.de\/index.php\/wp-json\/wp\/v2\/users\/1"}],"replies":[{"embeddable":true,"href":"https:\/\/der-reiseshop.de\/index.php\/wp-json\/wp\/v2\/comments?post=7490"}],"version-history":[{"count":2,"href":"https:\/\/der-reiseshop.de\/index.php\/wp-json\/wp\/v2\/pages\/7490\/revisions"}],"predecessor-version":[{"id":7494,"href":"https:\/\/der-reiseshop.de\/index.php\/wp-json\/wp\/v2\/pages\/7490\/revisions\/7494"}],"wp:attachment":[{"href":"https:\/\/der-reiseshop.de\/index.php\/wp-json\/wp\/v2\/media?parent=7490"}],"curies":[{"name":"wp","href":"https:\/\/api.w.org\/{rel}","templated":true}]}}